{"id":573,"date":"2018-01-09T11:23:00","date_gmt":"2018-01-09T11:23:00","guid":{"rendered":"http:\/\/adurcal.com\/turismo\/?page_id=573"},"modified":"2018-04-16T10:53:40","modified_gmt":"2018-04-16T09:53:40","slug":"ruta-marchena","status":"publish","type":"page","link":"https:\/\/adurcal.com\/turismo\/ruta-marchena\/","title":{"rendered":"Ruta Marchena"},"content":{"rendered":"<h3><span style=\"font-family: Franklin Gothic Demi Cond,serif;\">Extraordinario recorrido por la belleza del paisaje, destacando el labio hundido de la falla normal (Nig\u00fcelas-Padul), de elevado valor paisaj\u00edstico y cient\u00edfico-did\u00e1ctico, donde se encuentran situados los pueblos de el Padul, D\u00farcal y Nig\u00fcelas, las formas modeladas de sus numerosos barrancos y las masas forestales formadas principalmente por pino Carrasco, acompa\u00f1ado de otros arbustos.<\/span><\/h3>\n<p><img loading=\"lazy\" class=\"size-medium wp-image-2683\" src=\"http:\/\/adurcal.com\/turismo\/wp-content\/uploads\/2018\/04\/drcal_8538366693_o-copia-copia-300x225.jpg\" alt=\"SIERRA D\u00daRCAL CERRO DEL CABALLO SIERRA NEVADA EL ZAH\u00d3R FALLA TURISMO D\u00daRCAL VALLE DE LECR\u00cdN\" width=\"300\" height=\"225\" srcset=\"https:\/\/adurcal.com\/turismo\/wp-content\/uploads\/2018\/04\/drcal_8538366693_o-copia-copia-300x225.jpg 300w, https:\/\/adurcal.com\/turismo\/wp-content\/uploads\/2018\/04\/drcal_8538366693_o-copia-copia-768x576.jpg 768w, https:\/\/adurcal.com\/turismo\/wp-content\/uploads\/2018\/04\/drcal_8538366693_o-copia-copia-1024x768.jpg 1024w, https:\/\/adurcal.com\/turismo\/wp-content\/uploads\/2018\/04\/drcal_8538366693_o-copia-copia.jpg 1200w\" sizes=\"(max-width: 300px) 100vw, 300px\" \/><\/p>\n<h3><span style=\"font-family: Franklin Gothic Demi Cond,serif;\"><br \/>\nComenzamos en Marchena, anejo de D\u00farcal hacia donde nos dirigiremos por la antigua nacional 323, bien en el autob\u00fas de l\u00ednea o bien en coche donde podremos aparcar sin dificultad.<br \/>\nArrancamos desde el \u201cPilar de Marchena\u201d situado junto a la carretera y desde donde parte un camino asfaltado en permanente ascensi\u00f3n. Dejamos atr\u00e1s las \u00faltimas casas y entramos en la zona del \u201cRomeral\u201d, hoy conquistada a la naturaleza y repoblada en su totalidad por almendros y olivos. Esta primera parte del recorrido discurre por la conocida \u201cColada de Blas de Haro\u201d, que es en s\u00ed misma una Ca\u00f1ada Real.<br \/>\nConforme ascendemos vamos teniendo una mejor visi\u00f3n de la belleza paisaj\u00edstica del lugar donde est\u00e1n enclavados los pueblos de D\u00farcal y el Padul, e iremos tomando conciencia de los llamativos rasgos geol\u00f3gicos del lugar que atravesamos, que est\u00e1 declarado Monumento Natural.<img loading=\"lazy\" class=\"size-medium wp-image-442 alignright\" src=\"http:\/\/adurcal.com\/turismo\/wp-content\/uploads\/2017\/12\/puente3-300x200.jpg\" alt=\"\" width=\"300\" height=\"200\" \/><br \/>\nA los 3 km aproximadamente de subida ininterrumpida se termina el camino asfaltado dej\u00e1ndonos a los pies de una antigua cantera hoy cerrada. Desde all\u00ed tendremos una visi\u00f3n privilegiada del nacimiento del \u201cBarranco de los lobos\u201d, del cerro de la \u201cChaja\u201d, del monte \u201cZahor\u201d y del \u201cCerrillo Redondo\u201d a la derecha. Encima de la cantera la \u201cLoma de T\u00f3pico\u201d y a la izquierda todo lo que es \u201cSierra del Manar\u201d.<br \/>\nA la altura de la cantera seguimos el camino de tierra a la izquierda. Entramos en el \u201cParaje del Manar\u201d declarado Parque Natural de Sierra Nevada, en el t\u00e9rmino municipal de el Padul. A la derecha el \u201cBarranco del Puerto\u201d. El camino despejado y serpenteante es en s\u00ed mismo una secuencia de subidas y bajadas entre abundantes pinos, y cruzado por numerosos barrancos, muchos de ellos con diques de contenci\u00f3n para evitar el avance de la arena. A 4500 m del comienzo de nuestra ruta nos acercamos a las proximidades del \u201cCerro del Manar\u201d donde est\u00e1n ubicadas las canteras de \u00e1ridos. Un ejemplo de agresi\u00f3n desmedida al medio ambiente y un ejemplo del precio a pagar por un desarrollismo escasamente planificado. A los 5 km, superada la zona de las canteras, el paisaje nos reporta hermosas vistas del \u201cPico del Caballo\u201d a la derecha, buena parte del a\u00f1o nevado. Adem\u00e1s de los pinos encontramos abundantes tomillos, aulagas, esparto, etc. No es raro el divisar cabras monteses a lo largo de la subida.<br \/>\n<img loading=\"lazy\" class=\"size-medium wp-image-124 alignleft\" src=\"http:\/\/adurcal.com\/turismo\/wp-content\/uploads\/2017\/05\/9062282-300x225.jpg\" alt=\"\" width=\"300\" height=\"225\" \/>Conforme ascendemos vamos notando el frescor y la humedad, sobre todo a partir de los 8000 m del comienzo. Es f\u00e1cil incluso descubrir musgos sobre las rocas del propio camino.<br \/>\nA la izquierda divisamos el \u201cCerro de la Silleta\u201d de 1532 m de altura y m\u00e1s adelante \u201cPiedra ventana\u201d, cerca ya de la divisoria con D\u00edlar.<\/span><\/h3>\n<h3><span style=\"font-family: Franklin Gothic Demi Cond,serif;\"><img loading=\"lazy\" class=\"alignnone  wp-image-1130\" src=\"http:\/\/adurcal.com\/turismo\/wp-content\/uploads\/2018\/01\/pano8-2-300x219.jpg\" alt=\"\" width=\"485\" height=\"354\" srcset=\"https:\/\/adurcal.com\/turismo\/wp-content\/uploads\/2018\/01\/pano8-2-300x219.jpg 300w, https:\/\/adurcal.com\/turismo\/wp-content\/uploads\/2018\/01\/pano8-2-768x561.jpg 768w, https:\/\/adurcal.com\/turismo\/wp-content\/uploads\/2018\/01\/pano8-2-1024x748.jpg 1024w, https:\/\/adurcal.com\/turismo\/wp-content\/uploads\/2018\/01\/pano8-2.jpg 1653w\" sizes=\"(max-width: 485px) 100vw, 485px\" \/><br \/>\nA los 9.500 m del comienzo de nuestra ruta el camino se bifurca, tomaremos el de la izquierda que entrando en el t\u00e9rmino municipal de D\u00edlar nos conducir\u00e1 a la Ermita Vieja. El camino de la derecha contin\u00faa poco m\u00e1s adelante en bajada hasta el r\u00edo D\u00farcal y desde donde podremos acceder a toda la Sierra de D\u00farcal.<br \/>\nLa humedad y el frescor se palpa ya en esta zona y en cualquier \u00e9poca del a\u00f1o.<br \/>\nA 500 m del desv\u00edo encontramos un estanque de aguas fr\u00edas y cristalinas y una fuente donde poder beber. M\u00e1s abajo se encuentra el punto final de nuestra ruta: la Casa Forestal de Ermita Vieja, destinada a puesto de vigilancia contra incendios en los meses de verano. Este refugio forestal se levant\u00f3 sobre los cimientos de una antigua ermita que da nombre a la zona.<\/span><\/h3>\n<p><img loading=\"lazy\" class=\" wp-image-2301\" src=\"http:\/\/adurcal.com\/turismo\/wp-content\/uploads\/2018\/03\/IMG-20180301-WA0007-300x225.jpg\" alt=\"RUTA ERMITA VIEJA PICACHO ALTO SIERRA D\u00daRCAL TURISMO D\u00daRCAL VALLE DE LECR\u00cdN\" width=\"635\" height=\"476\" srcset=\"https:\/\/adurcal.com\/turismo\/wp-content\/uploads\/2018\/03\/IMG-20180301-WA0007-300x225.jpg 300w, https:\/\/adurcal.com\/turismo\/wp-content\/uploads\/2018\/03\/IMG-20180301-WA0007-768x576.jpg 768w, https:\/\/adurcal.com\/turismo\/wp-content\/uploads\/2018\/03\/IMG-20180301-WA0007.jpg 1024w\" sizes=\"(max-width: 635px) 100vw, 635px\" \/><\/p>\n<h3><span style=\"font-family: Franklin Gothic Demi Cond,serif;\"><br \/>\nEste lugar es entra\u00f1able y visitado por muchas personas amantes de la naturaleza y lugar de peregrinaci\u00f3n para los habitantes de D\u00edlar en las fiestas patronales de Agosto, durante la festividad de Nuestra Se\u00f1ora de las Nieves, patrona del pueblo.<br \/>\nAndando, a caballo, en bicicleta\u2026 cualquier medio es v\u00e1lido para conquistar este lugar. Nosotros habremos recorrido 10.500 m para conseguirlo.<br \/>\nEn los alrededores de la Ermita Vieja encontramos indicadores de madera que nos se\u00f1alan otros recorridos: Alayos, Silleta de Padul, D\u00edlar\u2026 Nuestra propuesta es regresar al punto de partida por el mismo camino. Recorreremos en total 21 km.<\/span><\/h3>\n","protected":false},"excerpt":{"rendered":"<p>Extraordinario recorrido por la belleza del paisaje, destacando el labio hundido de la falla normal (Nig\u00fcelas-Padul), de elevado valor paisaj\u00edstico y cient\u00edfico-did\u00e1ctico, donde se encuentran situados los pueblos de el Padul, D\u00farcal y Nig\u00fcelas, las formas modeladas de sus numerosos barrancos y las masas forestales formadas principalmente por pino Carrasco, acompa\u00f1ado de otros arbustos. Comenzamos [&hellip;]<\/p>\n","protected":false},"author":1,"featured_media":0,"parent":0,"menu_order":0,"comment_status":"closed","ping_status":"closed","template":"","meta":[],"_links":{"self":[{"href":"https:\/\/adurcal.com\/turismo\/wp-json\/wp\/v2\/pages\/573"}],"collection":[{"href":"https:\/\/adurcal.com\/turismo\/wp-json\/wp\/v2\/pages"}],"about":[{"href":"https:\/\/adurcal.com\/turismo\/wp-json\/wp\/v2\/types\/page"}],"author":[{"embeddable":true,"href":"https:\/\/adurcal.com\/turismo\/wp-json\/wp\/v2\/users\/1"}],"replies":[{"embeddable":true,"href":"https:\/\/adurcal.com\/turismo\/wp-json\/wp\/v2\/comments?post=573"}],"version-history":[{"count":6,"href":"https:\/\/adurcal.com\/turismo\/wp-json\/wp\/v2\/pages\/573\/revisions"}],"predecessor-version":[{"id":3514,"href":"https:\/\/adurcal.com\/turismo\/wp-json\/wp\/v2\/pages\/573\/revisions\/3514"}],"wp:attachment":[{"href":"https:\/\/adurcal.com\/turismo\/wp-json\/wp\/v2\/media?parent=573"}],"curies":[{"name":"wp","href":"https:\/\/api.w.org\/{rel}","templated":true}]}}