{"id":1864,"date":"2018-02-06T08:57:03","date_gmt":"2018-02-06T08:57:03","guid":{"rendered":"http:\/\/adurcal.com\/turismo\/?page_id=1864"},"modified":"2019-05-27T08:05:41","modified_gmt":"2019-05-27T07:05:41","slug":"san-blas","status":"publish","type":"page","link":"https:\/\/adurcal.com\/turismo\/san-blas\/","title":{"rendered":"San Blas"},"content":{"rendered":"<h4>\u00a0\u00a0Blas, obispo de Sebaste<\/h4>\n<h4>\u00a0Mientras se dedicaba Blas a curar enfermos, una nueva tempestad se desencaden\u00f3 sobre la iglesia: la d\u00e9cima persecuci\u00f3n, m\u00e1s terrible que las anteriores, decretada por Diocleciano. La ciudad de Sebaste fue sumamente probada, mereciendo por ello ser apellidada la ciudad de los M\u00e1rtires. Su n\u00famero, en esta ocasi\u00f3n, fue de diecisiete mil y hay que adjudicar la responsabilidad de tan sangrienta obra a Ar\u00edcola, gobernador de Capadocia y Armenia.<\/h4>\n<p><img loading=\"lazy\" class=\"alignnone wp-image-2263\" src=\"http:\/\/adurcal.com\/turismo\/wp-content\/uploads\/2018\/03\/san_blas_10-_23_-_800x600_-copia-copia-300x225.jpg\" alt=\"\" width=\"339\" height=\"254\" srcset=\"https:\/\/adurcal.com\/turismo\/wp-content\/uploads\/2018\/03\/san_blas_10-_23_-_800x600_-copia-copia-300x225.jpg 300w, https:\/\/adurcal.com\/turismo\/wp-content\/uploads\/2018\/03\/san_blas_10-_23_-_800x600_-copia-copia-768x576.jpg 768w, https:\/\/adurcal.com\/turismo\/wp-content\/uploads\/2018\/03\/san_blas_10-_23_-_800x600_-copia-copia.jpg 1024w\" sizes=\"(max-width: 339px) 100vw, 339px\" \/><\/p>\n<h4>Bien convencido el tirano de que un reba\u00f1o sin pastor f\u00e1cilmente se dispersa, empez\u00f3 dando muerte al\u00a0\u00a0obispo; pero al obrar as\u00ed confesaba su total desconocimiento de la vitalidad imperecedera de la iglesia. Sin p\u00e9rdida de tiempo se congregan los fieles y un\u00e1nimemente queda elegido Blas en sustituci\u00f3n del m\u00e1rtir. Semejante elecci\u00f3n era un presagio, pues el nuevo obispo hab\u00eda de mostrarse no menos consumado m\u00e9dico de las almas que los fuera de los cuerpos hasta entonces. Pero viendo la imposibilidad de ejercer su ministerio en un ambiente donde habr\u00eda de ser descubierto al instante, por inspiraci\u00f3n divina decidi\u00f3 salir de la ciudad y retirarse a una gruta del monte Argeo, a unas millas de Sebaste.<\/h4>\n<h4>Blas distribu\u00eda sus horas en aquella soledad entre la oraci\u00f3n y el cuidado de las almas. No tardaron las bestias fieras en descubrir el camino de su retiro; amansadas repentinamente ante su vista, convirti\u00e9ronse en compa\u00f1eras suyas. Si alguna padec\u00eda enfermedad o achaques, Blas las curaba por la virtud de la se\u00f1al de la cruz, y sin su bendici\u00f3n de all\u00ed no part\u00edan. Un cuervo le llevaba cada d\u00eda pan para su sustento.<\/h4>\n<h4>Hall\u00f3 Blas delicias en las cuevas, obediencia en las fieras, seguridad en los monstruos, abundancia en los desiertos y deleite en la soledad.<\/h4>\n<h4>Pero el obispo no se desentend\u00eda de su reba\u00f1o espiritual; varias veces dej\u00f3 su retiro para ir a consolar y sostener el \u00e1nimo de los fieles, llegando hasta las c\u00e1rceles donde los confesores de la fe gem\u00edan en espera del martirio.<\/h4>\n<h4>El edicto de Mil\u00e1n, por el que el emperador Constantino devolvi\u00f3 la libertad a los cristianos, permiti\u00f3 a Blas entrar en su sede episcopal. Pero eso no era m\u00e1s que una tregua. No hab\u00edan transcurrido ni dos a\u00f1os, cuando el envidioso Liciano, al ver que Constantino apoyaba al clero, comenz\u00f3 a combatir a la iglesia para mejor destronar a su rival. En tal coyuntura, Blas emprendi\u00f3 por segunda vez el camino al monte Argeo.<\/h4>\n<h4>\u00a0Blas es arrestado<\/h4>\n<h4>\u00a0El prop\u00f3sito de Agr\u00edcola era acabar con los cristianos que ten\u00edan presos y hacerlos despedazar por las fieras. Para esto envi\u00f3 a sus esbirro al ojeo por los bosques para cazar cuantas fieras pudieran. En sus corr\u00edas por el monte Argeo, fueron a dar a la cueva donde el prelado se guarec\u00eda. All\u00ed sorprendieron al santo sentado y arrobado en contemplaci\u00f3n. No se atrevieron a echarle mano y se volvieron a la ciudad a dar raz\u00f3n al gobernador de lo que hab\u00edan visto con sus propios ojos. Sin p\u00e9rdida de tiempo \u00e9l envi\u00f3 soldados que subieron al monte y hallaron a Blas en id\u00e9ntica forma que los cazadores hab\u00edan contado. Llam\u00e1ronle por su nombre y le dijeron:<\/h4>\n<h4>\u0093Ven con nosotros, que el gobernador Agr\u00edcola te llama\u0094<\/h4>\n<h4>\u0093\u00a1Bienvenidos se\u00e1is, hijos m\u00edos! (respondi\u00f3 Blas). Hace mucho tiempo que seseaba con ansias vuestra llegada.<\/h4>\n<h4>Partamos en nombre del Se\u00f1or\u0094<\/h4>\n<h4>\u00a0Dicho esto se puso en marcha con los soldados.<\/h4>\n<h4>Durante el camino, los exhortaba a que se convirtieran al cristianismo, confirmando sus palabras con numerosos milagros, pues por doquiera que pasaba le presentaban a los ni\u00f1os para que los bendijera y las plazas se hallaban ocupadas por un sin n\u00famero de enfermos que con tono lastimero imploraban su valimiento. Conmovido les impon\u00eda las manos, bendec\u00eda a los ni\u00f1os y sanaba a los enfermos, lo que determin\u00f3 la conversi\u00f3n de una multitud de paganos.<\/h4>\n<h4><\/h4>\n<h4>Uno de los milagros llevados a cabo por Blas en esta memorable jornada del monte Argeo a la c\u00e1rcel de Sebaste, fue \u00e9ste:<\/h4>\n<h4>Una mujer de las cercan\u00edas ten\u00eda un hijo \u00fanico, que al comer pescado, se trag\u00f3 una espina con tan mala suerte que vino a quedar atravesada en la garganta. El ni\u00f1o iba a morir y la madre, loca de dolor, no sab\u00eda ya que hacer. En esta coyuntura acert\u00f3 a pasar por all\u00ed Blas y, enterada la madre de los milagros que obraba, tom\u00f3 al ni\u00f1o en sus brazos, corri\u00f3 en busca de Blas y, llena el alma de fe, coloc\u00f3 a sus pies al ni\u00f1o rog\u00e1ndole con l\u00e1grimas que lo curara. Enternecido Blas hasta las entra\u00f1as, impone las manos al enfermo, hace las se\u00f1al de la cruz en la garganta y suplica a Nuestro Se\u00f1or que d\u00e9 salud al pobre ni\u00f1o. El ni\u00f1o qued\u00f3 curado de inmediatamente.<\/h4>\n<p><img loading=\"lazy\" class=\"alignnone size-medium wp-image-2191\" src=\"http:\/\/adurcal.com\/turismo\/wp-content\/uploads\/2018\/03\/Ermita-de-San-Blas-copia-copia-300x225.jpg\" alt=\"\" width=\"300\" height=\"225\" srcset=\"https:\/\/adurcal.com\/turismo\/wp-content\/uploads\/2018\/03\/Ermita-de-San-Blas-copia-copia-300x225.jpg 300w, https:\/\/adurcal.com\/turismo\/wp-content\/uploads\/2018\/03\/Ermita-de-San-Blas-copia-copia-768x576.jpg 768w, https:\/\/adurcal.com\/turismo\/wp-content\/uploads\/2018\/03\/Ermita-de-San-Blas-copia-copia-1024x768.jpg 1024w, https:\/\/adurcal.com\/turismo\/wp-content\/uploads\/2018\/03\/Ermita-de-San-Blas-copia-copia.jpg 1600w\" sizes=\"(max-width: 300px) 100vw, 300px\" \/><\/p>\n<h4>Interrogatorio y Martirio<\/h4>\n<h4>\u00a0\u00a0Blas hizo su entrada en Sebaste escoltado por los soldados, y Agr\u00edcola le envi\u00f3 al calabozo hasta el siguiente d\u00eda en que le mand\u00f3 comparecer ante su tribunal. Al principio trat\u00f3 de ganar su voluntad con aduladoras palabras:<\/h4>\n<h4>\u0093Bienvenido seas, Blas, querid\u00edsimo amigo m\u00edo y de los dioses inmortales\u0094<\/h4>\n<h4>Blas le respondi\u00f3: \u0093Dios te guarde, oh gobernador, y para que te guarde, yo te ruego que no llames dioses a los demonios que han de atormentar un d\u00eda a todos los que los adoran. Ya ves que no puedo ser tu amigo, pues no quiero arder con ellos para siempre.<\/h4>\n<h4>Irritado Agr\u00edcola por la resuelta actitud del Santo, mand\u00f3 que le golpearan con varas; y as\u00ed lo hicieron los sayones con gran fuerza por varias horas, mientras el Santo permanec\u00eda con gran constancia y alegr\u00eda, y, burl\u00e1ndose del presidente, dec\u00edale: \u0093\u00a1Oh desatinado enga\u00f1ador de las almas!, \u00bfpiensas que por tus tormentos me he de apartar de Dios? No, no; que el mismo Se\u00f1or est\u00e1 conmigo, y me conforta; por tanto, haz de m\u00ed lo que quieras\u0094<\/h4>\n<h4>Mand\u00f3 el presidente volverlo a la c\u00e1rcel, y, pasados algunos d\u00edas, el funcionario imperial orden\u00f3 a Blas que compadeciera por segunda vez ante el tribunal y le dijo: \u0093Elige una de estas dos alternativas: o adoras a nuestros dioses, y eres amigo nuestro; o bien te niegas, y en tal caso se te aplicar\u00e1n los m\u00e1s espantosos suplicios y perecer\u00e1s a mano airada\u0094<\/h4>\n<h4>Blas respondi\u00f3: \u0093Ya te he dicho y te vuelvo a repetir que las estatuas que ador\u00e1is no son dioses, sino representaciones de los demonios, y, por lo tanto, no puedo adorarlos\u0094.<\/h4>\n<h4>Vi\u00e9ndole Agr\u00edcola inflexible en su prop\u00f3sito, mand\u00f3 que le ataran al potro mientras tra\u00edan peines de hierro como los que usaban los cardadores de lana, y con ellos le desgarraron las espaldas y el cuerpo entero. Corr\u00edan por el suelo raudales de sangre, ca\u00edan las carnes a jirones, los verdugos mismos estaban conmovidos y hasta lloraban. Mientras tanto el m\u00e1rtir, volvi\u00e9ndose al gobernador, le dijo: \u0093Esto es lo que ansiaba mucho tiempo, que mi alma se desprendiera de la tierra y mi cuerpo fuera elevado en alto. Pr\u00f3ximo ya a las eterna moradas, desprecio a todo lo vano y caduco y me burlo de ti y tus suplicios. Estos sufrimientos s\u00f3lo durar\u00e1n un instante, mientras que el premio ser\u00e1 eterno.\u0094<\/h4>\n<h4>Las torturas, lo \u00fanico que consegu\u00edan era exaltar el \u00e1nimo de Blas, y not\u00e1ndolo el gobernador, mand\u00f3 que le soltaran y le condujeran a la c\u00e1rcel.<\/h4>\n<p><img loading=\"lazy\" class=\"alignnone wp-image-1161\" src=\"http:\/\/adurcal.com\/turismo\/wp-content\/uploads\/2018\/01\/sanblas1-1-300x225.jpg\" alt=\"\" width=\"432\" height=\"324\" srcset=\"https:\/\/adurcal.com\/turismo\/wp-content\/uploads\/2018\/01\/sanblas1-1-300x225.jpg 300w, https:\/\/adurcal.com\/turismo\/wp-content\/uploads\/2018\/01\/sanblas1-1.jpg 446w\" sizes=\"(max-width: 432px) 100vw, 432px\" \/><\/p>\n<h4>Entre el p\u00fablico que hab\u00eda contemplando el tormento hab\u00eda siete mujeres paganas que, profundamente afectadas por el proceder del m\u00e1rtir, le siguieron a la c\u00e1rcel recogiendo la sangre que manaba de sus heridas Al saber lo que hac\u00edan fueron arrestadas y llevadas al gobernador: \u0093\u00a1Somos cristianas!\u0094, exclamaron todas a una voz. Agr\u00edcola procur\u00f3 atra\u00e9rselas con promesas, y luego intimidarlas con amenazas. Respondieron ellas que enviase sus dioses a la laguna pr\u00f3xima a Sebaste, para que lav\u00e1ndose ellas en el agua, les pudiesen con limpieza ofrecer sacrificio. Se alegr\u00f3 mucho de esto el presidente y mand\u00f3 que as\u00ed se hiciese; m\u00e1s las santas mujeres tomaron los dioses del presidente, y los echaron en la laguna, dici\u00e9ndoles: \u0093Salvaos, si sois verdaderamente dioses\u0094. Sabedor Agr\u00edcola de lo que pasaba y de c\u00f3mo se hab\u00edan burlado de \u00e9l, entr\u00f3 en furor y conden\u00f3 a las culpables a suplicios atroces. Una de ellas iba acompa\u00f1ada de sus dos hijitos de tierna edad, que clamaban llorando: \u0093Madrecita, dame tu fe, no nos dej\u00e9is hu\u00e9rfanos, ll\u00e9vanos contigo al cielo\u0094<\/h4>\n<h4>Para acabar de una vez con la resistencia de las siete cristianas las conden\u00f3 a ser decapitadas. Antes de morir rezaron largo rato y confiaron la custodia de los dos ni\u00f1os al obispo.<\/h4>\n<h4>Al cabo de unos d\u00eda, fue sacado Blas nuevamente de la c\u00e1rcel y presentado ante el tribunal del gobernador, este le dijo: \u0093Tiempo has tenido para deliberar; ven y sacrifica a los dioses, pues de no hacerlo, s\u00e1bete que acabar\u00e9 contigo. Este Cristo que dices es tu Dios no te ha de liberar si te mando arrojar a lo m\u00e1s profundo de la laguna.\u0094<\/h4>\n<h4>\u0093\u00a1Infeliz!-le contest\u00f3 Blas-, t\u00fa que adoras a los \u00eddolos ignoras el poder de mi Dios. \u00bfNo camin\u00f3 Jesucristo sobre las aguas como si fuera tierra firme, e invit\u00f3 a Pedro a hacer lo mismo? Pues bien; lo que hizo con Pedro, bien puede volver a hacerlo conmigo, aunque sea el \u00faltimo de sus siervos.\u0094<\/h4>\n<h4>Herido vivamente en su amor propio, orden\u00f3 el gobernador que condujeran a Blas a orillas de la laguna, donde le sigui\u00f3 un gent\u00edo inmenso. El obispo traz\u00f3 la se\u00f1al de la cruz sobre las aguas, que al instante se volvieron s\u00f3lidas como el hielo espeso y capaz de sostenerle. Se puso a caminar entonces a paso ligero como si fuera tierra firme, llegando al centro de la laguna. Una vez all\u00ed, se sent\u00f3 e interpel\u00f3 al gobernador y dem\u00e1s asistentes de esta manera: \u0093Si vuestros \u00eddolos tienen alg\u00fan poder, o si ten\u00e9is en ellos la m\u00e1s peque\u00f1a confianza, entrad tambi\u00e9n en la laguna y en nombre de vuestros dioses caminad por encima de las aguas para que su poder quede de manifiesto\u0094.<\/h4>\n<h4><\/h4>\n<h4>Al o\u00edr estas palabras setenta y cinco personas, invocando el auxilio de sus dioses, se precipitaron con arrojo hacia \u00e9l, pero se fueron al fondo y se ahogaron.<\/h4>\n<h4>Muerte de Blas<\/h4>\n<h4>\u00a0En aquel instante un \u00e1ngel descendi\u00f3 del cielo envuelto en luz brillant\u00edsima que deslumbr\u00f3 a todos los presentes, y dijo: \u0093 \u00c1nimo, valiente atleta de Cristo, sal del agua y apres\u00farate a recoger la corona que Dios te tiene preparada\u0094.<\/h4>\n<h4>\u00a0Blas se levant\u00f3 y, del mismo maravilloso modo que se hab\u00eda internado en la laguna, sali\u00f3 de ella, y todo el pueblo que se agolpaba en la orilla le vio resplandeciente de luz y radiante de alegr\u00eda. Se le unieron los dos huerfanitos de la v\u00edspera, hijos suyos adoptivos. Por \u00faltima vez, Agr\u00edcola plante\u00f3 a los tres este dilema terrible: o sacrificar a los dioses o morir; y ante su inquebrantable decisi\u00f3n, los conden\u00f3 a ser atravesados por la espada.<\/h4>\n<h4>\u00a0O\u00edda la sentencia, se apresur\u00f3 Blas hacia el lugar de la ejecuci\u00f3n acompa\u00f1ado del verdugo y all\u00ed pidi\u00f3 licencia para orar, lo cual le fue concedido.<\/h4>\n<h4>\u00a0Inmediatamente fueron decapitados el obispo de Sebaste y los dos hu\u00e9rfanos. Este fue el fin glorioso del obispo. Era el 3 de Febrero del a\u00f1o 316, y este d\u00eda celebra la iglesia su fiesta. Los cristianos tomaron su cuerpo, y le enterraron con gran devoci\u00f3n.<\/h4>\n<p><img loading=\"lazy\" class=\"alignnone wp-image-2201\" src=\"http:\/\/adurcal.com\/turismo\/wp-content\/uploads\/2018\/03\/images-1-copia-copia.jpg\" alt=\"\" width=\"328\" height=\"263\" \/><\/p>\n<h4><strong><u>LOS MILAGROS DE SAN BLAS<\/u><\/strong><\/h4>\n<h4>D\u00farcal ha celebrado a lo grande sus fiestas patronales en honor a San Blas, del que se cuentan cientos de milagros. Muchos de ellos relacionados con enfermedades de la garganta desde que, seg\u00fan la leyenda, San Blas le extrajo al peque\u00f1o la raspa de la garganta y desde entonces es implorado, principalmente, cada vez que existe un problema de garganta. En dos milagros m\u00e1s cercanos, San Blas impidi\u00f3 que las aguas de una gran tormenta inundara D\u00farcal y que se le incendiara el cami\u00f3n al cosario de Lanjar\u00f3n. Se cuenta en D\u00farcal que a primeros del pasado siglo, Juan Reyes ten\u00eda un cami\u00f3n con el que abastec\u00eda de enseres a los vecinos de Lanjar\u00f3n. Un d\u00eda, pasando cerca de la ermita de San Blas, el cami\u00f3n empez\u00f3 a arder. Juan Reyes, asustado, dirigi\u00f3 los ajos a la Ermita de San Blas, que se encuentra junto a la carretera y antigua calzada romana, y pidi\u00f3 al Santo encontrar agua con la que apagar las llamas. Y en ese momento comenz\u00f3 a llegar agua y dos cubos por la cuneta. Y de esta forma, el cosario pudo apagar el fuego con la ayuda de varios hombres y evitar la ruina que supondr\u00eda para \u00e9l perder su herramienta de trabajo. En otra ocasi\u00f3n , llov\u00eda a c\u00e1ntaros sobre D\u00farcal. Tanto que se desbord\u00f3 el Barranco Porras, y los vecinos temieron que el agua destrozara gran parte de las casas de la vecindad. Algunos lugare\u00f1os se armaron de valor y con picos y palas quisieran desviar el cauce de las aguas pero se quedaron de piedra cuando vieron a las afueras de la barriada del Darr\u00f3n, a un hombre vestido de obispo que dirig\u00eda el agua hacia otro cauce para que no entrara por el casco urbano. Aquel misterioso hombre desapareci\u00f3 de repente y al momento sali\u00f3 un sol radiante. Los vecinos de D\u00farcal vieron en aquel milagro la mano de San Blas y algunas personas se acercaron a la ermita para darle las gracias y rezarle y comprobaron que su vestimenta estaba empapada en agua aunque no exist\u00edan goteras ni grietas en la ermita.<\/h4>\n","protected":false},"excerpt":{"rendered":"<p>\u00a0\u00a0Blas, obispo de Sebaste \u00a0Mientras se dedicaba Blas a curar enfermos, una nueva tempestad se desencaden\u00f3 sobre la iglesia: la d\u00e9cima persecuci\u00f3n, m\u00e1s terrible que las anteriores, decretada por Diocleciano. La ciudad de Sebaste fue sumamente probada, mereciendo por ello ser apellidada la ciudad de los M\u00e1rtires. Su n\u00famero, en esta ocasi\u00f3n, fue de diecisiete [&hellip;]<\/p>\n","protected":false},"author":1,"featured_media":0,"parent":0,"menu_order":0,"comment_status":"closed","ping_status":"closed","template":"","meta":[],"_links":{"self":[{"href":"https:\/\/adurcal.com\/turismo\/wp-json\/wp\/v2\/pages\/1864"}],"collection":[{"href":"https:\/\/adurcal.com\/turismo\/wp-json\/wp\/v2\/pages"}],"about":[{"href":"https:\/\/adurcal.com\/turismo\/wp-json\/wp\/v2\/types\/page"}],"author":[{"embeddable":true,"href":"https:\/\/adurcal.com\/turismo\/wp-json\/wp\/v2\/users\/1"}],"replies":[{"embeddable":true,"href":"https:\/\/adurcal.com\/turismo\/wp-json\/wp\/v2\/comments?post=1864"}],"version-history":[{"count":7,"href":"https:\/\/adurcal.com\/turismo\/wp-json\/wp\/v2\/pages\/1864\/revisions"}],"predecessor-version":[{"id":2311,"href":"https:\/\/adurcal.com\/turismo\/wp-json\/wp\/v2\/pages\/1864\/revisions\/2311"}],"wp:attachment":[{"href":"https:\/\/adurcal.com\/turismo\/wp-json\/wp\/v2\/media?parent=1864"}],"curies":[{"name":"wp","href":"https:\/\/api.w.org\/{rel}","templated":true}]}}