{"id":406,"date":"2015-05-19T08:56:00","date_gmt":"2015-05-19T08:56:00","guid":{"rendered":"http:\/\/adurcal.com\/radiomunicipal\/?page_id=406"},"modified":"2020-06-18T11:00:03","modified_gmt":"2020-06-18T11:00:03","slug":"contacto","status":"publish","type":"page","link":"https:\/\/adurcal.com\/radiomunicipal\/contacto\/","title":{"rendered":"Contacto"},"content":{"rendered":"<p><strong>Direcci\u00f3n:<\/strong> C\/ Comandante L\u00e1zaro, 48 &#8211; \u00c1tico<br \/>\n<strong>Tel\u00e9fono<\/strong>: 958781384<br \/>\n<strong>E-Mail:<\/strong> radiodurcalfm@hotmail.com<br \/>\n<strong>Horario Atenci\u00f3n telef\u00f3nica:<\/strong> De 9:00H a 14:00H y de 17:00H a 20:00H<\/p>\n<p><iframe loading=\"lazy\" src=\"https:\/\/www.google.com\/maps\/embed?pb=!1m18!1m12!1m3!1d3187.008889921756!2d-3.565959!3d36.985721!2m3!1f0!2f0!3f0!3m2!1i1024!2i768!4f13.1!3m3!1m2!1s0xd71ede1f873430d%3A0xd612e6b7cfe9aa6b!2sCalle+del+Comandante+Lazaro%2C+18650+D%C3%BArcal%2C+Granada!5e0!3m2!1ses!2ses!4v1432026349548\" width=\"600\" height=\"450\" frameborder=\"0\" style=\"border:0\"><\/iframe><\/p>\n","protected":false},"excerpt":{"rendered":"<p>Direcci\u00f3n: C\/ Comandante L\u00e1zaro, 48 &#8211; \u00c1tico Tel\u00e9fono: 958781384 E-Mail: radiodurcalfm@hotmail.com Horario Atenci\u00f3n telef\u00f3nica: De 9:00H a 14:00H y de 17:00H a 20:00H<\/p>\n","protected":false},"author":1,"featured_media":0,"parent":0,"menu_order":4,"comment_status":"closed","ping_status":"closed","template":"onecolumn-page.php","meta":{"ngg_post_thumbnail":0},"_links":{"self":[{"href":"https:\/\/adurcal.com\/radiomunicipal\/wp-json\/wp\/v2\/pages\/406"}],"collection":[{"href":"https:\/\/adurcal.com\/radiomunicipal\/wp-json\/wp\/v2\/pages"}],"about":[{"href":"https:\/\/adurcal.com\/radiomunicipal\/wp-json\/wp\/v2\/types\/page"}],"author":[{"embeddable":true,"href":"https:\/\/adurcal.com\/radiomunicipal\/wp-json\/wp\/v2\/users\/1"}],"replies":[{"embeddable":true,"href":"https:\/\/adurcal.com\/radiomunicipal\/wp-json\/wp\/v2\/comments?post=406"}],"version-history":[{"count":10,"href":"https:\/\/adurcal.com\/radiomunicipal\/wp-json\/wp\/v2\/pages\/406\/revisions"}],"predecessor-version":[{"id":517,"href":"https:\/\/adurcal.com\/radiomunicipal\/wp-json\/wp\/v2\/pages\/406\/revisions\/517"}],"wp:attachment":[{"href":"https:\/\/adurcal.com\/radiomunicipal\/wp-json\/wp\/v2\/media?parent=406"}],"curies":[{"name":"wp","href":"https:\/\/api.w.org\/{rel}","templated":true}]}}