{"id":18,"date":"2014-12-12T11:21:19","date_gmt":"2014-12-12T11:21:19","guid":{"rendered":"http:\/\/adurcal.com\/blogurbanismo\/?page_id=18"},"modified":"2015-06-03T11:03:50","modified_gmt":"2015-06-03T11:03:50","slug":"galeria","status":"publish","type":"page","link":"https:\/\/adurcal.com\/radiomunicipal\/galeria\/","title":{"rendered":"Galer\u00eda de im\u00e1genes"},"content":{"rendered":"<p><div class=\"ngg-albumoverview\">\n            <div class=\"ngg-album-compact\">\n            <div class=\"ngg-album-compactbox\">\n                <div class=\"ngg-album-link\">\n                                        <a title='Nuestro equipo'\n                       href='https:\/\/adurcal.com\/radiomunicipal\/galeria\/nggallery\/album1\/nuestro-equipo'>\n                        <img class=\"Thumb\"\n                             alt=\"Nuestro equipo\"\n                             src=\"https:\/\/adurcal.com\/radiomunicipal\/wp-content\/gallery\/nuestro-equipo\/cache\/equipo-nggid0276-ngg0dyn-91x68-00f0w010c011r110f110r010t010.jpg\"\/>\n                    <\/a>\n                                    <\/div>\n            <\/div>\n                        <h4>\n                <a class='ngg-album-desc' title='Nuestro equipo'\n                       href='https:\/\/adurcal.com\/radiomunicipal\/galeria\/nggallery\/album1\/nuestro-equipo'style=\"max-width: 111px\">Nuestro equipo<\/a>\n            <\/h4>\n            <p class=\"ngg-album-gallery-image-counter\">\n                                    <strong>4<\/strong>&nbsp;Fotos                            <\/p>\n        <\/div>\n            <div class=\"ngg-album-compact\">\n            <div class=\"ngg-album-compactbox\">\n                <div class=\"ngg-album-link\">\n                                        <a title='Actualidad deportiva'\n                       href='https:\/\/adurcal.com\/radiomunicipal\/galeria\/nggallery\/album1\/prueba'>\n                        <img class=\"Thumb\"\n                             alt=\"Actualidad deportiva\"\n                             src=\"https:\/\/adurcal.com\/radiomunicipal\/wp-content\/gallery\/prueba\/cache\/actualidad-nggid0232-ngg0dyn-91x68-00f0w010c011r110f110r010t010.jpg\"\/>\n                    <\/a>\n                                    <\/div>\n            <\/div>\n                        <h4>\n                <a class='ngg-album-desc' title='Actualidad deportiva'\n                       href='https:\/\/adurcal.com\/radiomunicipal\/galeria\/nggallery\/album1\/prueba'style=\"max-width: 111px\">Actualidad deportiva<\/a>\n            <\/h4>\n            <p class=\"ngg-album-gallery-image-counter\">\n                                    <strong>1<\/strong>&nbsp;Fotos                            <\/p>\n        <\/div>\n            <div class=\"ngg-album-compact\">\n            <div class=\"ngg-album-compactbox\">\n                <div class=\"ngg-album-link\">\n                                        <a title='El alcalde responde'\n                       href='https:\/\/adurcal.com\/radiomunicipal\/galeria\/nggallery\/album1\/el-alcalde-responde'>\n                        <img class=\"Thumb\"\n                             alt=\"El alcalde responde\"\n                             src=\"https:\/\/adurcal.com\/radiomunicipal\/wp-content\/gallery\/el-alcalde-responde\/cache\/alcalde-nggid0233-ngg0dyn-91x68-00f0w010c011r110f110r010t010.jpg\"\/>\n                    <\/a>\n                                    <\/div>\n            <\/div>\n                        <h4>\n                <a class='ngg-album-desc' title='El alcalde responde'\n                       href='https:\/\/adurcal.com\/radiomunicipal\/galeria\/nggallery\/album1\/el-alcalde-responde'style=\"max-width: 111px\">El alcalde responde<\/a>\n            <\/h4>\n            <p class=\"ngg-album-gallery-image-counter\">\n                                    <strong>10<\/strong>&nbsp;Fotos                            <\/p>\n        <\/div>\n            <div class=\"ngg-album-compact\">\n            <div class=\"ngg-album-compactbox\">\n                <div class=\"ngg-album-link\">\n                                        <a title='Entrevistas'\n                       href='https:\/\/adurcal.com\/radiomunicipal\/galeria\/nggallery\/album1\/entrevistas'>\n                        <img class=\"Thumb\"\n                             alt=\"Entrevistas\"\n                             src=\"https:\/\/adurcal.com\/radiomunicipal\/wp-content\/gallery\/entrevistas\/cache\/entrevista-nggid0248-ngg0dyn-91x68-00f0w010c011r110f110r010t010.jpg\"\/>\n                    <\/a>\n                                    <\/div>\n            <\/div>\n                        <h4>\n                <a class='ngg-album-desc' title='Entrevistas'\n                       href='https:\/\/adurcal.com\/radiomunicipal\/galeria\/nggallery\/album1\/entrevistas'style=\"max-width: 111px\">Entrevistas<\/a>\n            <\/h4>\n            <p class=\"ngg-album-gallery-image-counter\">\n                                    <strong>8<\/strong>&nbsp;Fotos                            <\/p>\n        <\/div>\n            <div class=\"ngg-album-compact\">\n            <div class=\"ngg-album-compactbox\">\n                <div class=\"ngg-album-link\">\n                                        <a title='D\u00farcal debate'\n                       href='https:\/\/adurcal.com\/radiomunicipal\/galeria\/'>\n                        <img class=\"Thumb\"\n                             alt=\"D\u00farcal debate\"\n                             src=\"https:\/\/adurcal.com\/radiomunicipal\/wp-content\/gallery\/durcal-debate\/cache\/debate1-nggid0219-ngg0dyn-91x68-00f0w010c011r110f110r010t010.jpg\"\/>\n                    <\/a>\n                                    <\/div>\n            <\/div>\n                        <h4>\n                <a class='ngg-album-desc' title='D\u00farcal debate'\n                       href='https:\/\/adurcal.com\/radiomunicipal\/galeria\/'style=\"max-width: 111px\">D\u00farcal debate<\/a>\n            <\/h4>\n            <p class=\"ngg-album-gallery-image-counter\">\n                                    <strong>6<\/strong>&nbsp;Fotos                            <\/p>\n        <\/div>\n            <div class=\"ngg-album-compact\">\n            <div class=\"ngg-album-compactbox\">\n                <div class=\"ngg-album-link\">\n                                        <a title='Entre nosotras'\n                       href='https:\/\/adurcal.com\/radiomunicipal\/galeria\/nggallery\/album1\/entre-nosotras'>\n                        <img class=\"Thumb\"\n                             alt=\"Entre nosotras\"\n                             src=\"https:\/\/adurcal.com\/radiomunicipal\/wp-content\/gallery\/entre-nosotras\/cache\/nosotras-nggid0243-ngg0dyn-91x68-00f0w010c011r110f110r010t010.jpg\"\/>\n                    <\/a>\n                                    <\/div>\n            <\/div>\n                        <h4>\n                <a class='ngg-album-desc' title='Entre nosotras'\n                       href='https:\/\/adurcal.com\/radiomunicipal\/galeria\/nggallery\/album1\/entre-nosotras'style=\"max-width: 111px\">Entre nosotras<\/a>\n            <\/h4>\n            <p class=\"ngg-album-gallery-image-counter\">\n                                    <strong>5<\/strong>&nbsp;Fotos                            <\/p>\n        <\/div>\n            <div class=\"ngg-album-compact\">\n            <div class=\"ngg-album-compactbox\">\n                <div class=\"ngg-album-link\">\n                                        <a title='Madres del d\u00eda'\n                       href='https:\/\/adurcal.com\/radiomunicipal\/galeria\/nggallery\/album1\/madres-del-dia'>\n                        <img class=\"Thumb\"\n                             alt=\"Madres del d\u00eda\"\n                             src=\"https:\/\/adurcal.com\/radiomunicipal\/wp-content\/gallery\/madres-del-dia\/cache\/madres-nggid0259-ngg0dyn-91x68-00f0w010c011r110f110r010t010.jpg\"\/>\n                    <\/a>\n                                    <\/div>\n            <\/div>\n                        <h4>\n                <a class='ngg-album-desc' title='Madres del d\u00eda'\n                       href='https:\/\/adurcal.com\/radiomunicipal\/galeria\/nggallery\/album1\/madres-del-dia'style=\"max-width: 111px\">Madres del d\u00eda<\/a>\n            <\/h4>\n            <p class=\"ngg-album-gallery-image-counter\">\n                                    <strong>1<\/strong>&nbsp;Fotos                            <\/p>\n        <\/div>\n            <div class=\"ngg-album-compact\">\n            <div class=\"ngg-album-compactbox\">\n                <div class=\"ngg-album-link\">\n                                        <a title='Hablan de arte'\n                       href='https:\/\/adurcal.com\/radiomunicipal\/galeria\/nggallery\/album1\/hablan-de-arte'>\n                        <img class=\"Thumb\"\n                             alt=\"Hablan de arte\"\n                             src=\"https:\/\/adurcal.com\/radiomunicipal\/wp-content\/gallery\/hablan-de-arte\/cache\/hablar-nggid0256-ngg0dyn-91x68-00f0w010c011r110f110r010t010.jpg\"\/>\n                    <\/a>\n                                    <\/div>\n            <\/div>\n                        <h4>\n                <a class='ngg-album-desc' title='Hablan de arte'\n                       href='https:\/\/adurcal.com\/radiomunicipal\/galeria\/nggallery\/album1\/hablan-de-arte'style=\"max-width: 111px\">Hablan de arte<\/a>\n            <\/h4>\n            <p class=\"ngg-album-gallery-image-counter\">\n                                    <strong>2<\/strong>&nbsp;Fotos                            <\/p>\n        <\/div>\n            <div class=\"ngg-album-compact\">\n            <div class=\"ngg-album-compactbox\">\n                <div class=\"ngg-album-link\">\n                                        <a title='Informativo juvenil'\n                       href='https:\/\/adurcal.com\/radiomunicipal\/galeria\/nggallery\/album1\/informativo-juvenil'>\n                        <img class=\"Thumb\"\n                             alt=\"Informativo juvenil\"\n                             src=\"https:\/\/adurcal.com\/radiomunicipal\/wp-content\/gallery\/informativo-juvenil\/cache\/informativo-nggid0258-ngg0dyn-91x68-00f0w010c011r110f110r010t010.jpg\"\/>\n                    <\/a>\n                                    <\/div>\n            <\/div>\n                        <h4>\n                <a class='ngg-album-desc' title='Informativo juvenil'\n                       href='https:\/\/adurcal.com\/radiomunicipal\/galeria\/nggallery\/album1\/informativo-juvenil'style=\"max-width: 111px\">Informativo juvenil<\/a>\n            <\/h4>\n            <p class=\"ngg-album-gallery-image-counter\">\n                                    <strong>1<\/strong>&nbsp;Fotos                            <\/p>\n        <\/div>\n            <div class=\"ngg-album-compact\">\n            <div class=\"ngg-album-compactbox\">\n                <div class=\"ngg-album-link\">\n                                        <a title='Valle verde D\u00farcal'\n                       href='https:\/\/adurcal.com\/radiomunicipal\/galeria\/nggallery\/album1\/valle-verde-durcal'>\n                        <img class=\"Thumb\"\n                             alt=\"Valle verde D\u00farcal\"\n                             src=\"https:\/\/adurcal.com\/radiomunicipal\/wp-content\/gallery\/valle-verde-durcal\/cache\/valle-nggid0272-ngg0dyn-91x68-00f0w010c011r110f110r010t010.jpg\"\/>\n                    <\/a>\n                                    <\/div>\n            <\/div>\n                        <h4>\n                <a class='ngg-album-desc' title='Valle verde D\u00farcal'\n                       href='https:\/\/adurcal.com\/radiomunicipal\/galeria\/nggallery\/album1\/valle-verde-durcal'style=\"max-width: 111px\">Valle verde D\u00farcal<\/a>\n            <\/h4>\n            <p class=\"ngg-album-gallery-image-counter\">\n                                    <strong>2<\/strong>&nbsp;Fotos                            <\/p>\n        <\/div>\n            <div class=\"ngg-album-compact\">\n            <div class=\"ngg-album-compactbox\">\n                <div class=\"ngg-album-link\">\n                                        <a title='Nuestra salud'\n                       href='https:\/\/adurcal.com\/radiomunicipal\/galeria\/nggallery\/album1\/nuestra-salud'>\n                        <img class=\"Thumb\"\n                             alt=\"Nuestra salud\"\n                             src=\"https:\/\/adurcal.com\/radiomunicipal\/wp-content\/gallery\/nuestra-salud\/cache\/medico-nggid0260-ngg0dyn-91x68-00f0w010c011r110f110r010t010.jpg\"\/>\n                    <\/a>\n                                    <\/div>\n            <\/div>\n                        <h4>\n                <a class='ngg-album-desc' title='Nuestra salud'\n                       href='https:\/\/adurcal.com\/radiomunicipal\/galeria\/nggallery\/album1\/nuestra-salud'style=\"max-width: 111px\">Nuestra salud<\/a>\n            <\/h4>\n            <p class=\"ngg-album-gallery-image-counter\">\n                                    <strong>10<\/strong>&nbsp;Fotos                            <\/p>\n        <\/div>\n            <div class=\"ngg-album-compact\">\n            <div class=\"ngg-album-compactbox\">\n                <div class=\"ngg-album-link\">\n                                        <a title='Nutrici\u00f3n'\n                       href='https:\/\/adurcal.com\/radiomunicipal\/galeria\/nggallery\/album1\/nutricion'>\n                        <img class=\"Thumb\"\n                             alt=\"Nutrici\u00f3n\"\n                             src=\"https:\/\/adurcal.com\/radiomunicipal\/wp-content\/gallery\/nutricion\/cache\/nutricion-nggid0270-ngg0dyn-91x68-00f0w010c011r110f110r010t010.jpg\"\/>\n                    <\/a>\n                                    <\/div>\n            <\/div>\n                        <h4>\n                <a class='ngg-album-desc' title='Nutrici\u00f3n'\n                       href='https:\/\/adurcal.com\/radiomunicipal\/galeria\/nggallery\/album1\/nutricion'style=\"max-width: 111px\">Nutrici\u00f3n<\/a>\n            <\/h4>\n            <p class=\"ngg-album-gallery-image-counter\">\n                                    <strong>1<\/strong>&nbsp;Fotos                            <\/p>\n        <\/div>\n            <div class=\"ngg-album-compact\">\n            <div class=\"ngg-album-compactbox\">\n                <div class=\"ngg-album-link\">\n                                        <a title='Vale en el aire'\n                       href='https:\/\/adurcal.com\/radiomunicipal\/galeria\/nggallery\/album1\/vale-en-el-aire'>\n                        <img class=\"Thumb\"\n                             alt=\"Vale en el aire\"\n                             src=\"https:\/\/adurcal.com\/radiomunicipal\/wp-content\/gallery\/vale-en-el-aire\/cache\/vale-nggid0271-ngg0dyn-91x68-00f0w010c011r110f110r010t010.jpg\"\/>\n                    <\/a>\n                                    <\/div>\n            <\/div>\n                        <h4>\n                <a class='ngg-album-desc' title='Vale en el aire'\n                       href='https:\/\/adurcal.com\/radiomunicipal\/galeria\/nggallery\/album1\/vale-en-el-aire'style=\"max-width: 111px\">Vale en el aire<\/a>\n            <\/h4>\n            <p class=\"ngg-album-gallery-image-counter\">\n                                    <strong>1<\/strong>&nbsp;Fotos                            <\/p>\n        <\/div>\n            <div class=\"ngg-album-compact\">\n            <div class=\"ngg-album-compactbox\">\n                <div class=\"ngg-album-link\">\n                                        <a title='Cara a cara'\n                       href='https:\/\/adurcal.com\/radiomunicipal\/galeria\/nggallery\/album1\/cara-a-cara'>\n                        <img class=\"Thumb\"\n                             alt=\"Cara a cara\"\n                             src=\"https:\/\/adurcal.com\/radiomunicipal\/wp-content\/gallery\/cara-a-cara\/cache\/cara-nggid0274-ngg0dyn-91x68-00f0w010c011r110f110r010t010.jpg\"\/>\n                    <\/a>\n                                    <\/div>\n            <\/div>\n                        <h4>\n                <a class='ngg-album-desc' title='Cara a cara'\n                       href='https:\/\/adurcal.com\/radiomunicipal\/galeria\/nggallery\/album1\/cara-a-cara'style=\"max-width: 111px\">Cara a cara<\/a>\n            <\/h4>\n            <p class=\"ngg-album-gallery-image-counter\">\n                                    <strong>2<\/strong>&nbsp;Fotos                            <\/p>\n        <\/div>\n        <br class=\"ngg-clear\"\/>\n    <div class='ngg-clear'><\/div><\/div>\n<\/p>\n","protected":false},"excerpt":{"rendered":"<p>Nuestro equipo 4&nbsp;Fotos Actualidad deportiva 1&nbsp;Fotos El alcalde responde 10&nbsp;Fotos Entrevistas 8&nbsp;Fotos D\u00farcal debate 6&nbsp;Fotos Entre nosotras 5&nbsp;Fotos Madres del d\u00eda 1&nbsp;Fotos Hablan de arte 2&nbsp;Fotos Informativo juvenil 1&nbsp;Fotos Valle verde D\u00farcal 2&nbsp;Fotos Nuestra salud 10&nbsp;Fotos Nutrici\u00f3n 1&nbsp;Fotos Vale en &hellip; <a href=\"https:\/\/adurcal.com\/radiomunicipal\/galeria\/\">Sigue leyendo <span class=\"meta-nav\">&rarr;<\/span><\/a><\/p>\n","protected":false},"author":1,"featured_media":0,"parent":0,"menu_order":0,"comment_status":"closed","ping_status":"closed","template":"onecolumn-page.php","meta":{"ngg_post_thumbnail":0},"_links":{"self":[{"href":"https:\/\/adurcal.com\/radiomunicipal\/wp-json\/wp\/v2\/pages\/18"}],"collection":[{"href":"https:\/\/adurcal.com\/radiomunicipal\/wp-json\/wp\/v2\/pages"}],"about":[{"href":"https:\/\/adurcal.com\/radiomunicipal\/wp-json\/wp\/v2\/types\/page"}],"author":[{"embeddable":true,"href":"https:\/\/adurcal.com\/radiomunicipal\/wp-json\/wp\/v2\/users\/1"}],"replies":[{"embeddable":true,"href":"https:\/\/adurcal.com\/radiomunicipal\/wp-json\/wp\/v2\/comments?post=18"}],"version-history":[{"count":11,"href":"https:\/\/adurcal.com\/radiomunicipal\/wp-json\/wp\/v2\/pages\/18\/revisions"}],"predecessor-version":[{"id":505,"href":"https:\/\/adurcal.com\/radiomunicipal\/wp-json\/wp\/v2\/pages\/18\/revisions\/505"}],"wp:attachment":[{"href":"https:\/\/adurcal.com\/radiomunicipal\/wp-json\/wp\/v2\/media?parent=18"}],"curies":[{"name":"wp","href":"https:\/\/api.w.org\/{rel}","templated":true}]}}