{"id":111,"date":"2015-05-14T12:18:40","date_gmt":"2015-05-14T12:18:40","guid":{"rendered":"http:\/\/adurcal.com\/radiomunicipal\/?page_id=111"},"modified":"2015-05-21T08:03:53","modified_gmt":"2015-05-21T08:03:53","slug":"programacion","status":"publish","type":"page","link":"https:\/\/adurcal.com\/radiomunicipal\/programacion\/","title":{"rendered":"Programaci\u00f3n"},"content":{"rendered":"<style>\ntd{width: 60px; border:#000 solid thin; Font-size: 12px; font-family:verdana}\ntd.cabecera {width: 60px; background:#eeeeee; border-left:#000 border-right:#000 border-botton:#000 solid thin; Font-size: 14px}\ntd.horario {background:#dddddd}\n<\/style>\n<div>\n<table align=\"center\">\n<tr>\n<td class=\"cabecera\" align=\"center\"><strong>Horario<\/strong><\/td>\n<td class=\"cabecera\" align=\"center\"><strong>Lunes<\/strong><\/td>\n<td class=\"cabecera\" align=\"center\"><strong>Martes<\/strong><\/td>\n<td class=\"cabecera\" align=\"center\"><strong>Mi\u00e9rcoles<\/strong><\/td>\n<td class=\"cabecera\" align=\"center\" ><strong>Jueves<\/strong><\/td>\n<td class=\"cabecera\" align=\"center\"><strong>Viernes<\/strong><\/td>\n<\/tr>\n<tr>\n<td class=\"horario\"><strong><center>De 9 a 11 Horas<\/center><\/strong><\/td>\n<td><center>Matinal FM<\/center><\/td>\n<td><center>Matinal FM<\/center><\/td>\n<td><center>Matinal FM<\/center><\/td>\n<td><center>Matinal FM<\/center><\/td>\n<td><center>Matinal FM<\/center><\/td>\n<\/tr>\n<tr>\n<td class=\"horario\"><strong><center>De 11 a 13 Horas<\/center><\/strong><\/td>\n<td><center>As\u00f3mate al valle<\/center><\/td>\n<td><center>As\u00f3mate al valle<\/center><\/td>\n<td><center>As\u00f3mate al valle<\/center><\/td>\n<td><center>As\u00f3mate al valle<\/center><\/td>\n<td><center>As\u00f3mate al valle<\/center><\/td>\n<\/tr>\n<tr>\n<td class=\"horario\"><strong><center>11 AM (Semanal)<br \/>\n    <\/center><\/strong><\/td>\n<td>&nbsp;<\/td>\n<td><center>Nutrici\u00f3n y salud<\/center><\/td>\n<td><center>El Bar\u00f3metro<\/center><\/td>\n<td><center>Micr\u00f3fono abierto<\/center><\/td>\n<td><center>El M\u00e9dico en casa<\/center><\/td>\n<\/tr>\n<tr>\n<td class=\"horario\"><strong><center>11 AM (Quincenal)<br \/>\n    <\/center><\/strong><\/td>\n<td><center>Entre nosotros<\/center><\/td>\n<td>&nbsp;<\/td>\n<td>&nbsp;<\/td>\n<td><center>Valle verde<\/center><\/td>\n<td>&nbsp;<\/td>\n<\/tr>\n<tr>\n<td class=\"horario\"><strong><center>11 AM (Mensual)<br \/>\n    <\/center><\/strong><\/td>\n<td><center>Cerca de t\u00ed<\/center><\/td>\n<td>&nbsp;<\/td>\n<td>&nbsp;<\/td>\n<td>&nbsp;<\/td>\n<td>&nbsp;<\/td>\n<\/tr>\n<tr>\n<td class=\"horario\"><strong><center>12 AM (Semanal)<br \/>\n    <\/center><\/strong><\/td>\n<td>&nbsp;<\/td>\n<td><center>Alpujarra<\/center><\/td>\n<td>&nbsp;<\/td>\n<td>&nbsp;<\/td>\n<td>&nbsp;<\/td>\n<\/tr>\n<tr>\n<td class=\"horario\"><strong><center>12 AM (Quincenal)<br \/>\n    <\/center><\/strong><\/td>\n<td>&nbsp;<\/td>\n<td><center>Informativo Juvenil<\/center><\/td>\n<td>&nbsp;<\/td>\n<td>&nbsp;<\/td>\n<td><center>Alcalde responde<\/center><\/td>\n<\/tr>\n<tr>\n<td class=\"horario\"><strong><center>12 AM (Mensual)<br \/>\n    <\/center><\/strong><\/td>\n<td>&nbsp;<\/td>\n<td>&nbsp;<\/td>\n<td>&nbsp;<\/td>\n<td>&nbsp;<\/td>\n<td><center>D\u00farcal debate<\/center><\/td>\n<\/tr>\n<tr>\n<td class=\"horario\"><strong><center>De 13 a 14 Horas<\/center><\/strong><\/td>\n<td><center>Informativo local<\/center><\/td>\n<td><center>Informativo local<\/center><\/td>\n<td><center>Informativo local<\/center><\/td>\n<td><center>Informativo local<\/center><\/td>\n<td><center>Informativo local<\/center><\/td>\n<\/tr>\n<tr>\n<td class=\"horario\">&nbsp;<\/td>\n<td><center>As\u00f3mate al valle<\/center><\/td>\n<td><center>As\u00f3mate al valle<\/center><\/td>\n<td><center>As\u00f3mate al valle<\/center><\/td>\n<td><center>As\u00f3mate al valle<\/center><\/td>\n<td><center>As\u00f3mate al valle<\/center><\/td>\n<\/tr>\n<tr>\n<td class=\"horario\"><strong><center>De 17 a 20 Horas<\/center><\/strong><\/td>\n<td><center>El desv\u00e1n<\/center><\/td>\n<td><center>El desv\u00e1n<\/center><\/td>\n<td><center>El desv\u00e1n<\/center><\/td>\n<td><center>El desv\u00e1n<\/center><\/td>\n<td><center>El desv\u00e1n<\/center><\/td>\n<\/tr>\n<tr>\n<td class=\"horario\"><strong><center>17:30 PM<\/center><\/strong><\/td>\n<td>&nbsp;<\/td>\n<td>&nbsp;<\/td>\n<td><center>La hora del consumidor<\/center><\/td>\n<td><center>D\u00farcal cultural<\/center><\/td>\n<td>&nbsp;<\/td>\n<\/tr>\n<tr>\n<td class=\"horario\"><strong><center>18 PM (Semanal)<br \/>\n    <\/center><\/strong><\/td>\n<td>&nbsp;<\/td>\n<td>&nbsp;<\/td>\n<td>&nbsp;<\/td>\n<td>&nbsp;<\/td>\n<td>&nbsp;<\/td>\n<\/tr>\n<tr>\n<td class=\"horario\"><strong><center>18 PM (Quincenal)<br \/>\n    <\/center><\/strong><\/td>\n<td><center>Pedaleando\/ Flamenco<\/center><\/td>\n<td>&nbsp;<\/td>\n<td><center>Va de letras<\/center><\/td>\n<td>&nbsp;<\/td>\n<td><center>Vale en el aire<\/center><\/td>\n<\/tr>\n<tr>\n<td class=\"horario\"><strong><center>18 PM (Mensual)<br \/>\n    <\/center><\/strong><\/td>\n<td>&nbsp;<\/td>\n<td><center>T. Mascota<\/center><\/td>\n<td>&nbsp;<\/td>\n<td>&nbsp;<\/td>\n<td>&nbsp;<\/td>\n<\/tr>\n<tr>\n<td class=\"horario\"><strong><center>18:30 PM (Quincenal)<br \/>\n    <\/center><\/strong><\/td>\n<td>&nbsp;<\/td>\n<td>&nbsp;<\/td>\n<td><center>La hora del consumidor<\/center><\/td>\n<td><center>Actualidad deportiva<\/center><\/td>\n<td><center>\u00c1rea Techno<\/center><\/td>\n<\/tr>\n<\/table>\n<\/div>\n","protected":false},"excerpt":{"rendered":"<p>Horario Lunes Martes Mi\u00e9rcoles Jueves Viernes De 9 a 11 Horas Matinal FM Matinal FM Matinal FM Matinal FM Matinal FM De 11 a 13 Horas As\u00f3mate al valle As\u00f3mate al valle As\u00f3mate al valle As\u00f3mate al valle As\u00f3mate al &hellip; <a href=\"https:\/\/adurcal.com\/radiomunicipal\/programacion\/\">Sigue leyendo <span class=\"meta-nav\">&rarr;<\/span><\/a><\/p>\n","protected":false},"author":1,"featured_media":0,"parent":0,"menu_order":0,"comment_status":"closed","ping_status":"closed","template":"onecolumn-page.php","meta":{"ngg_post_thumbnail":0},"_links":{"self":[{"href":"https:\/\/adurcal.com\/radiomunicipal\/wp-json\/wp\/v2\/pages\/111"}],"collection":[{"href":"https:\/\/adurcal.com\/radiomunicipal\/wp-json\/wp\/v2\/pages"}],"about":[{"href":"https:\/\/adurcal.com\/radiomunicipal\/wp-json\/wp\/v2\/types\/page"}],"author":[{"embeddable":true,"href":"https:\/\/adurcal.com\/radiomunicipal\/wp-json\/wp\/v2\/users\/1"}],"replies":[{"embeddable":true,"href":"https:\/\/adurcal.com\/radiomunicipal\/wp-json\/wp\/v2\/comments?post=111"}],"version-history":[{"count":100,"href":"https:\/\/adurcal.com\/radiomunicipal\/wp-json\/wp\/v2\/pages\/111\/revisions"}],"predecessor-version":[{"id":453,"href":"https:\/\/adurcal.com\/radiomunicipal\/wp-json\/wp\/v2\/pages\/111\/revisions\/453"}],"wp:attachment":[{"href":"https:\/\/adurcal.com\/radiomunicipal\/wp-json\/wp\/v2\/media?parent=111"}],"curies":[{"name":"wp","href":"https:\/\/api.w.org\/{rel}","templated":true}]}}