{"id":610,"date":"2018-01-10T15:05:35","date_gmt":"2018-01-10T15:05:35","guid":{"rendered":"http:\/\/adurcal.com\/turismo\/?page_id=610"},"modified":"2018-04-13T08:26:48","modified_gmt":"2018-04-13T07:26:48","slug":"canal-de-fuga","status":"publish","type":"page","link":"http:\/\/adurcal.com\/turismo\/canal-de-fuga\/","title":{"rendered":"Canal de Fuga"},"content":{"rendered":"<h1><span style=\"color: #000000;\"><span style=\"font-family: Andika;\"><span style=\"font-size: medium;\">El Canal para la central electrica comienza su recorrido a unos 1650 metros de altitud, en la Sierra de D\u00farcal,en pleno parque natural de sierra nevada, lugar conocido como la Toma. Aqu\u00ed recoge el agua del rio transport\u00e1ndola,a trav\u00e9s de un sistema de entubado, hasta llegar el Cerro del Zahor donde desciende r\u00e1pidamente,con una ca\u00edda con un a enorme pendiente de758,5m.<\/span><\/span><\/span><\/h1>\n<h1><img loading=\"lazy\" class=\"alignnone wp-image-3358\" src=\"http:\/\/adurcal.com\/turismo\/wp-content\/uploads\/2018\/04\/yo-225x300.jpg\" alt=\"\" width=\"290\" height=\"387\" srcset=\"http:\/\/adurcal.com\/turismo\/wp-content\/uploads\/2018\/04\/yo-225x300.jpg 225w, http:\/\/adurcal.com\/turismo\/wp-content\/uploads\/2018\/04\/yo.jpg 540w\" sizes=\"(max-width: 290px) 100vw, 290px\" \/><\/h1>\n<h1><span style=\"color: #000000;\"><span style=\"font-family: Andika;\"><span style=\"font-size: medium;\">Una vez cumplido su objetivo, devuelve el agua tomada al r\u00edo a trav\u00e9s de una acequia siendo su ultima parte en forma de cascada.llega justo antes de abastecer la Acequia de M\u00e1rgena (D\u00farcal), Marchena y Padul,y conocido por los lugare\u00f1os este singular paraje como Canal de la Fuga.<\/span><\/span><\/span><\/h1>\n<h1><span style=\"color: #000000;\"><span style=\"font-family: Andika;\"><span style=\"font-size: medium;\">Para llegar a este lugar partiremos del Barrio de Alm\u00f3cita, uno d<\/span><\/span><\/span><span style=\"color: #000000;\"><span style=\"font-family: Andika;\"><span style=\"font-size: medium;\">e los m\u00e1s antiguos de D\u00farcal.<span style=\"color: #000000;\"><span style=\"font-family: Andika;\"><span style=\"font-size: medium;\"><img loading=\"lazy\" class=\"size-medium wp-image-22 alignleft\" src=\"http:\/\/adurcal.com\/turismo\/wp-content\/uploads\/2016\/05\/3988136-300x225.jpg\" alt=\"\" width=\"300\" height=\"225\" srcset=\"http:\/\/adurcal.com\/turismo\/wp-content\/uploads\/2016\/05\/3988136-300x225.jpg 300w, http:\/\/adurcal.com\/turismo\/wp-content\/uploads\/2016\/05\/3988136-640x480.jpg 640w, http:\/\/adurcal.com\/turismo\/wp-content\/uploads\/2016\/05\/3988136.jpg 700w\" sizes=\"(max-width: 300px) 100vw, 300px\" \/><\/span><\/span><\/span><\/span><\/span><\/span><\/h1>\n<h1><span style=\"color: #000000;\"><span style=\"font-family: Andika;\"><span style=\"font-size: medium;\">Tenemos la oportunidad de adentrarnos en un precioso paraje que nos mantendr\u00e1 despreocupados del mundanal ruido.<\/span><\/span><\/span><\/h1>\n<h1><span style=\"color: #000000;\"><span style=\"font-family: Andika;\"><span style=\"font-size: medium;\">Se trata de una peque\u00f1a aventura, ideal para iniciarse en el descubrimiento de lugares llenos de encanto sin una excesiva dificultad.<\/span><\/span><\/span><\/h1>\n<h1><span style=\"color: #000000;\"><span style=\"font-family: Andika;\"><span style=\"font-size: medium;\">Aguas de alta monta\u00f1a, rincones a vista de p\u00e1jaro, espectaculares cascadas y abundante vegetaci\u00f3n nos acompa\u00f1an en el camino.<\/span><\/span><\/span><\/h1>\n<h1><img loading=\"lazy\" class=\"alignnone wp-image-2666\" src=\"http:\/\/adurcal.com\/turismo\/wp-content\/uploads\/2018\/04\/P1240358-300x225.jpg\" alt=\"EL CANAL DE FUGA CON VISITANTES CAMPEROS AGUA CAMPING TURISMO D\u00daRCAL VALLE DE LECR\u00cdN\" width=\"491\" height=\"368\" srcset=\"http:\/\/adurcal.com\/turismo\/wp-content\/uploads\/2018\/04\/P1240358-300x225.jpg 300w, http:\/\/adurcal.com\/turismo\/wp-content\/uploads\/2018\/04\/P1240358-768x576.jpg 768w, http:\/\/adurcal.com\/turismo\/wp-content\/uploads\/2018\/04\/P1240358.jpg 817w\" sizes=\"(max-width: 491px) 100vw, 491px\" \/><\/h1>\n<h1><span style=\"color: #000000;\"><span style=\"font-family: Andika;\"><span style=\"font-size: medium;\">En definitiva, un rinc\u00f3n por descubrir a tan s\u00f3lo media hora a pie del pueblo. Var\u00eda totalmente seg\u00fan la \u00e9poca del a\u00f1o que elijamos: en verano ser\u00e1 una agradable excursi\u00f3n; en oto\u00f1o o invierno un agradable y nost\u00e1lgico paseo junto al r\u00edo; y en primavera, tiempo del deshielo, el r\u00edo se convierte en un marem\u00e1gnum de espumosas aguas saltando entre los bloques de piedra, una sobrenatural fuerza desencadenada para empeque\u00f1ecer al hombre que se adentra en ella.<\/span><\/span><\/span><\/h1>\n<h1><span style=\"color: #000000;\"><span style=\"font-family: Andika;\"><span style=\"font-size: medium;\">S\u00f3lo dos consejos: ansias por descubrir nuevos lugares y ganas de mojarse.\u00a0<\/span><\/span><\/span><\/h1>\n<h1><\/h1>\n<h1><\/h1>\n<h1><\/h1>\n","protected":false},"excerpt":{"rendered":"<p>El Canal para la central electrica comienza su recorrido a unos 1650 metros de altitud, en la Sierra de D\u00farcal,en pleno parque natural de sierra nevada, lugar conocido como la Toma. Aqu\u00ed recoge el agua del rio transport\u00e1ndola,a trav\u00e9s de un sistema de entubado, hasta llegar el Cerro del Zahor donde desciende r\u00e1pidamente,con una ca\u00edda [&hellip;]<\/p>\n","protected":false},"author":1,"featured_media":0,"parent":0,"menu_order":0,"comment_status":"closed","ping_status":"closed","template":"","meta":[],"_links":{"self":[{"href":"http:\/\/adurcal.com\/turismo\/wp-json\/wp\/v2\/pages\/610"}],"collection":[{"href":"http:\/\/adurcal.com\/turismo\/wp-json\/wp\/v2\/pages"}],"about":[{"href":"http:\/\/adurcal.com\/turismo\/wp-json\/wp\/v2\/types\/page"}],"author":[{"embeddable":true,"href":"http:\/\/adurcal.com\/turismo\/wp-json\/wp\/v2\/users\/1"}],"replies":[{"embeddable":true,"href":"http:\/\/adurcal.com\/turismo\/wp-json\/wp\/v2\/comments?post=610"}],"version-history":[{"count":13,"href":"http:\/\/adurcal.com\/turismo\/wp-json\/wp\/v2\/pages\/610\/revisions"}],"predecessor-version":[{"id":3497,"href":"http:\/\/adurcal.com\/turismo\/wp-json\/wp\/v2\/pages\/610\/revisions\/3497"}],"wp:attachment":[{"href":"http:\/\/adurcal.com\/turismo\/wp-json\/wp\/v2\/media?parent=610"}],"curies":[{"name":"wp","href":"https:\/\/api.w.org\/{rel}","templated":true}]}}