{"id":494,"date":"2017-12-20T16:26:28","date_gmt":"2017-12-20T16:26:28","guid":{"rendered":"http:\/\/adurcal.com\/turismo\/?page_id=494"},"modified":"2018-04-11T08:55:09","modified_gmt":"2018-04-11T07:55:09","slug":"fiestas-y-eventos","status":"publish","type":"page","link":"http:\/\/adurcal.com\/turismo\/fiestas-y-eventos\/","title":{"rendered":"Fiestas y eventos"},"content":{"rendered":"<figure>\n\t\t\t\t\t\t<a href=\"http:\/\/adurcal.com\/turismo\/fiestas\/?preview=true\" data-elementor-open-lightbox=\"default\"><br \/>\n\t\t<img loading=\"lazy\" width=\"400\" height=\"225\" src=\"http:\/\/adurcal.com\/turismo\/wp-content\/uploads\/2018\/03\/normal_Nueva_carpeta_2_16423-copia-copia.jpg\" alt=\"FIESTAS SAN RAM\u00d3N D\u00daRCAL GRANADA TURISMO D\u00daRCAL VALLE DE LECR\u00cdN\" srcset=\"http:\/\/adurcal.com\/turismo\/wp-content\/uploads\/2018\/03\/normal_Nueva_carpeta_2_16423-copia-copia.jpg 400w, http:\/\/adurcal.com\/turismo\/wp-content\/uploads\/2018\/03\/normal_Nueva_carpeta_2_16423-copia-copia-300x169.jpg 300w\" sizes=\"(max-width: 400px) 100vw, 400px\" \/>\t\t\t\t<\/a><figcaption>FIESTAS<\/figcaption><\/figure>\n<figure>\n\t\t\t\t\t\t<a href=\"http:\/\/adurcal.com\/turismo\/eventos-musicales\/\" data-elementor-open-lightbox=\"default\"><br \/>\n\t\t<img loading=\"lazy\" width=\"276\" height=\"183\" src=\"http:\/\/adurcal.com\/turismo\/wp-content\/uploads\/2018\/04\/ni\u00f1o-genio-.jpeg\" alt=\"\" \/>\t\t\t\t<\/a><figcaption>EVENTOS MUSICALES<\/figcaption><\/figure>\n<figure>\n\t\t\t\t\t\t<a href=\"http:\/\/adurcal.com\/turismo\/eventos-deportivos\/\" data-elementor-open-lightbox=\"default\"><br \/>\n\t\t<img loading=\"lazy\" width=\"485\" height=\"364\" src=\"http:\/\/adurcal.com\/turismo\/wp-content\/uploads\/2018\/04\/cxm-sierra-durcal-mini-trail.jpg\" alt=\"\" srcset=\"http:\/\/adurcal.com\/turismo\/wp-content\/uploads\/2018\/04\/cxm-sierra-durcal-mini-trail.jpg 485w, http:\/\/adurcal.com\/turismo\/wp-content\/uploads\/2018\/04\/cxm-sierra-durcal-mini-trail-300x225.jpg 300w\" sizes=\"(max-width: 485px) 100vw, 485px\" \/>\t\t\t\t<\/a><figcaption>EVENTOS DEPORTIVOS<\/figcaption><\/figure>\n<figure>\n\t\t\t\t\t\t<a href=\"http:\/\/adurcal.com\/turismo\/cultural\/\" data-elementor-open-lightbox=\"default\"><br \/>\n\t\t<img loading=\"lazy\" width=\"259\" height=\"194\" src=\"http:\/\/adurcal.com\/turismo\/wp-content\/uploads\/2018\/04\/cultura.jpeg\" alt=\"F\u00c1BRICA DE ORUJO D\u00daRCAL VALLE DE LECR\u00cdN GRANADA ANDALUCIA\" \/>\t\t\t\t<\/a><figcaption>CULTURAL<\/figcaption><\/figure>\n","protected":false},"excerpt":{"rendered":"<p>FIESTAS EVENTOS MUSICALES EVENTOS DEPORTIVOS CULTURAL<\/p>\n","protected":false},"author":1,"featured_media":0,"parent":0,"menu_order":0,"comment_status":"closed","ping_status":"closed","template":"","meta":[],"_links":{"self":[{"href":"http:\/\/adurcal.com\/turismo\/wp-json\/wp\/v2\/pages\/494"}],"collection":[{"href":"http:\/\/adurcal.com\/turismo\/wp-json\/wp\/v2\/pages"}],"about":[{"href":"http:\/\/adurcal.com\/turismo\/wp-json\/wp\/v2\/types\/page"}],"author":[{"embeddable":true,"href":"http:\/\/adurcal.com\/turismo\/wp-json\/wp\/v2\/users\/1"}],"replies":[{"embeddable":true,"href":"http:\/\/adurcal.com\/turismo\/wp-json\/wp\/v2\/comments?post=494"}],"version-history":[{"count":23,"href":"http:\/\/adurcal.com\/turismo\/wp-json\/wp\/v2\/pages\/494\/revisions"}],"predecessor-version":[{"id":3362,"href":"http:\/\/adurcal.com\/turismo\/wp-json\/wp\/v2\/pages\/494\/revisions\/3362"}],"wp:attachment":[{"href":"http:\/\/adurcal.com\/turismo\/wp-json\/wp\/v2\/media?parent=494"}],"curies":[{"name":"wp","href":"https:\/\/api.w.org\/{rel}","templated":true}]}}