{"id":481,"date":"2017-12-20T15:36:41","date_gmt":"2017-12-20T15:36:41","guid":{"rendered":"http:\/\/adurcal.com\/turismo\/?page_id=481"},"modified":"2019-05-14T10:04:59","modified_gmt":"2019-05-14T09:04:59","slug":"rutadelatapa","status":"publish","type":"page","link":"http:\/\/adurcal.com\/turismo\/rutadelatapa\/","title":{"rendered":"Ruta de la Tapa 2018"},"content":{"rendered":"<p><a href=\"http:\/\/adurcal.com\/turismo\/wp-content\/uploads\/2018\/03\/frontal-tapaporte-peque.jpg\"><img loading=\"lazy\" class=\"alignnone wp-image-2396 size-medium\" src=\"http:\/\/adurcal.com\/turismo\/wp-content\/uploads\/2018\/03\/frontal-tapaporte-peque-300x214.jpg\" alt=\"\" width=\"300\" height=\"214\" srcset=\"http:\/\/adurcal.com\/turismo\/wp-content\/uploads\/2018\/03\/frontal-tapaporte-peque-300x214.jpg 300w, http:\/\/adurcal.com\/turismo\/wp-content\/uploads\/2018\/03\/frontal-tapaporte-peque-768x547.jpg 768w, http:\/\/adurcal.com\/turismo\/wp-content\/uploads\/2018\/03\/frontal-tapaporte-peque-1024x730.jpg 1024w, http:\/\/adurcal.com\/turismo\/wp-content\/uploads\/2018\/03\/frontal-tapaporte-peque.jpg 1437w\" sizes=\"(max-width: 300px) 100vw, 300px\" \/><\/a><a href=\"http:\/\/adurcal.com\/turismo\/wp-content\/uploads\/2018\/03\/tapaporte-atras-peque.jpg\"><img loading=\"lazy\" class=\"alignnone wp-image-2395 size-medium\" src=\"http:\/\/adurcal.com\/turismo\/wp-content\/uploads\/2018\/03\/tapaporte-atras-peque-300x213.jpg\" alt=\"\" width=\"300\" height=\"213\" srcset=\"http:\/\/adurcal.com\/turismo\/wp-content\/uploads\/2018\/03\/tapaporte-atras-peque-300x213.jpg 300w, http:\/\/adurcal.com\/turismo\/wp-content\/uploads\/2018\/03\/tapaporte-atras-peque-768x546.jpg 768w, http:\/\/adurcal.com\/turismo\/wp-content\/uploads\/2018\/03\/tapaporte-atras-peque-1024x728.jpg 1024w, http:\/\/adurcal.com\/turismo\/wp-content\/uploads\/2018\/03\/tapaporte-atras-peque.jpg 1440w\" sizes=\"(max-width: 300px) 100vw, 300px\" \/><\/a><iframe loading=\"lazy\" src=\"http:\/\/mapea-sigc.juntadeandalucia.es\/?wmcfile=http:\/\/www.callejerodeandalucia.es\/wmc\/context_cdau_callejero.xml*Callejero,http:\/\/www.callejerodeandalucia.es\/wmc\/context_cdau_hibrido.xml*H%5Cu00edbrido,http:\/\/www.callejerodeandalucia.es\/wmc\/context_cdau_satelite.xml*Sat%5Cu00e9lite&amp;layers=KML*Servicios*http:\/\/www.callejerodeandalucia.es\/munymap\/kmls\/u1008\/18\/18071\/*Ruta%2520de%2520la%2520tapa%25202018.kml*true&amp;controls=panzoombar,layerswitcher,navtoolbar,mouse&amp;operations=searchcallejero&amp;locality=18071&amp;bbox=446212.536798,4091978.383985,453214.693593,4095635.359459\" width=\"800\" height=\"400\" frameborder=\"1\" marginheight=\"0\" scrolling=\"no\"><span style=\"display: inline-block; width: 0px; overflow: hidden; line-height: 0;\" data-mce-type=\"bookmark\" class=\"mce_SELRES_start\">\ufeff<\/span> <\/iframe><\/p>\n<p>&nbsp;<\/p>\n<p><strong><em>III \u00a0RUTA DE LA TAPA D\u00daRCAL<\/em><\/strong><\/p>\n<p><img loading=\"lazy\" class=\"alignnone wp-image-2353\" src=\"http:\/\/adurcal.com\/turismo\/wp-content\/uploads\/2018\/03\/WhatsApp-Image-2018-02-16-at-08.56.37-200x300.jpeg\" alt=\"\" width=\"213\" height=\"424\" \/><\/p>\n<p><strong><em>\u00a0<\/em><\/strong><\/p>\n<p><strong><em>FECHA Y HORA:<\/em><\/strong><strong><em>DIAS 23-24-25 DE MARZO.<\/em><\/strong><strong><em>A partir del Viernes 23 desde las 12:30 horas hasta el Domingo 25 hasta las 23:00 horas.Cada bar permanecer\u00e1 abierto en horario normal al p\u00fablico.LA HORA DE INICIO DE LAS JORNADAS SER\u00c1 CADA D\u00cdA A PARTIR DE LAS 12:30 HASTA CIERRE DE COCINAS,aunque a criterio de cada establecimiento participante se podr\u00e1 TAMBIEN cerrar la cocina unas horas en horario de tarde,tras anuncio expuesto claramente en la puerta de su establecimiento,para perjudicar lo menos posible a los participantes.<\/em><\/strong><\/p>\n<p><strong><em>BASES PARA PARTICIPAR:<\/em><\/strong><strong><em>En cada uno de los 19 bares participantes<\/em><\/strong><strong><em>,se podr\u00e1n recoger los tapaportes,en los cuales se encuentra la foto de cada tapa junto al bar d\u00f3nde degustarlas.Tambi\u00e9n se ha habilitado un mapa donde encontrar cada uno de los 19 establecimientos \u00a0y los aparcamientos p\u00fablicos en D\u00daRCAL.En cada local visitado nos pondr\u00e1n el correspondiente sello. <\/em><\/strong><\/p>\n<p><strong><em>PREMIOS:<\/em><\/strong><strong><em> Si rellenamos el tapaporte con todos los sellos <\/em><\/strong><strong><em>TENDREMOS UN PREMIO SEGURO,CONSISTENTE EN UNA CAMISETA CON MOTIVO DE LA 3\u00aa RUTA DE LA TAPA DE D\u00daRCAL.<\/em><\/strong><strong><em>Tambi\u00e9n adem\u00e1s de la camiseta optaremos a un sorteo:con un SEGUNDO PREMIO de <\/em><\/strong><strong><em><u>50 euros<\/u><\/em><\/strong><strong><em> y un PRIMER PREMIO de <u>100 euros<\/u>,el cual se realizara al dia siguiente.<\/em><\/strong><strong><em>En cada establecimiento habr\u00e1 una urna para depositar el tapaporte relleno con los datos personales para posterior localizaci\u00f3n y tallas de la camiseta.<\/em><\/strong><\/p>\n<p><em>COORDINA Y ORGANIZA EL AYTO DE D\u00daRCAL A TRAV\u00c9S DE LA CONCEJAL\u00cdA DE TURISMO Y PATROCINAN LOS BARES PARTICIPANTES EN LA TERCERA RUTA DE LA TAPA<\/em>.<\/p>\n<p><strong><em>\u00a0<img loading=\"lazy\" class=\"alignnone size-medium wp-image-3024\" src=\"http:\/\/adurcal.com\/turismo\/wp-content\/uploads\/2018\/04\/trampantojo-de-pionono-300x169.jpg\" alt=\"\" width=\"300\" height=\"169\" srcset=\"http:\/\/adurcal.com\/turismo\/wp-content\/uploads\/2018\/04\/trampantojo-de-pionono-300x169.jpg 300w, http:\/\/adurcal.com\/turismo\/wp-content\/uploads\/2018\/04\/trampantojo-de-pionono-768x432.jpg 768w, http:\/\/adurcal.com\/turismo\/wp-content\/uploads\/2018\/04\/trampantojo-de-pionono-1024x576.jpg 1024w, http:\/\/adurcal.com\/turismo\/wp-content\/uploads\/2018\/04\/trampantojo-de-pionono.jpg 1328w\" sizes=\"(max-width: 300px) 100vw, 300px\" \/> <img loading=\"lazy\" class=\"alignnone size-medium wp-image-3025\" src=\"http:\/\/adurcal.com\/turismo\/wp-content\/uploads\/2018\/04\/alb\u00f3ndigas-de-la-abuela-300x225.jpg\" alt=\"\" width=\"300\" height=\"225\" srcset=\"http:\/\/adurcal.com\/turismo\/wp-content\/uploads\/2018\/04\/alb\u00f3ndigas-de-la-abuela-300x225.jpg 300w, http:\/\/adurcal.com\/turismo\/wp-content\/uploads\/2018\/04\/alb\u00f3ndigas-de-la-abuela.jpg 635w\" sizes=\"(max-width: 300px) 100vw, 300px\" \/> <img loading=\"lazy\" class=\"alignnone size-medium wp-image-3026\" src=\"http:\/\/adurcal.com\/turismo\/wp-content\/uploads\/2018\/04\/angelitos-negros-225x300.jpg\" alt=\"\" width=\"225\" height=\"300\" srcset=\"http:\/\/adurcal.com\/turismo\/wp-content\/uploads\/2018\/04\/angelitos-negros-225x300.jpg 225w, http:\/\/adurcal.com\/turismo\/wp-content\/uploads\/2018\/04\/angelitos-negros-768x1024.jpg 768w, http:\/\/adurcal.com\/turismo\/wp-content\/uploads\/2018\/04\/angelitos-negros.jpg 1200w\" sizes=\"(max-width: 225px) 100vw, 225px\" \/> <img loading=\"lazy\" class=\"alignnone size-medium wp-image-3027\" src=\"http:\/\/adurcal.com\/turismo\/wp-content\/uploads\/2018\/04\/brocheta-de-gamba-288x300.jpg\" alt=\"\" width=\"288\" height=\"300\" srcset=\"http:\/\/adurcal.com\/turismo\/wp-content\/uploads\/2018\/04\/brocheta-de-gamba-288x300.jpg 288w, http:\/\/adurcal.com\/turismo\/wp-content\/uploads\/2018\/04\/brocheta-de-gamba.jpg 336w\" sizes=\"(max-width: 288px) 100vw, 288px\" \/> <img loading=\"lazy\" class=\"alignnone size-medium wp-image-3028\" src=\"http:\/\/adurcal.com\/turismo\/wp-content\/uploads\/2018\/04\/caldereta-de-cordero-segure\u00f1o-300x213.jpg\" alt=\"\" width=\"300\" height=\"213\" srcset=\"http:\/\/adurcal.com\/turismo\/wp-content\/uploads\/2018\/04\/caldereta-de-cordero-segure\u00f1o-300x213.jpg 300w, http:\/\/adurcal.com\/turismo\/wp-content\/uploads\/2018\/04\/caldereta-de-cordero-segure\u00f1o.jpg 751w\" sizes=\"(max-width: 300px) 100vw, 300px\" \/> <img loading=\"lazy\" class=\"alignnone size-medium wp-image-3029\" src=\"http:\/\/adurcal.com\/turismo\/wp-content\/uploads\/2018\/04\/canap\u00e9-300x225.jpg\" alt=\"\" width=\"300\" height=\"225\" srcset=\"http:\/\/adurcal.com\/turismo\/wp-content\/uploads\/2018\/04\/canap\u00e9-300x225.jpg 300w, http:\/\/adurcal.com\/turismo\/wp-content\/uploads\/2018\/04\/canap\u00e9-768x576.jpg 768w, http:\/\/adurcal.com\/turismo\/wp-content\/uploads\/2018\/04\/canap\u00e9-1024x768.jpg 1024w\" sizes=\"(max-width: 300px) 100vw, 300px\" \/> <img loading=\"lazy\" class=\"alignnone size-medium wp-image-3030\" src=\"http:\/\/adurcal.com\/turismo\/wp-content\/uploads\/2018\/04\/chupachups-de-pollo-225x300.jpg\" alt=\"\" width=\"225\" height=\"300\" srcset=\"http:\/\/adurcal.com\/turismo\/wp-content\/uploads\/2018\/04\/chupachups-de-pollo-225x300.jpg 225w, http:\/\/adurcal.com\/turismo\/wp-content\/uploads\/2018\/04\/chupachups-de-pollo-768x1024.jpg 768w, http:\/\/adurcal.com\/turismo\/wp-content\/uploads\/2018\/04\/chupachups-de-pollo.jpg 1200w\" sizes=\"(max-width: 225px) 100vw, 225px\" \/> <img loading=\"lazy\" class=\"alignnone size-medium wp-image-3031\" src=\"http:\/\/adurcal.com\/turismo\/wp-content\/uploads\/2018\/04\/churros-de-cuaresma-225x300.jpg\" alt=\"\" width=\"225\" height=\"300\" srcset=\"http:\/\/adurcal.com\/turismo\/wp-content\/uploads\/2018\/04\/churros-de-cuaresma-225x300.jpg 225w, http:\/\/adurcal.com\/turismo\/wp-content\/uploads\/2018\/04\/churros-de-cuaresma-768x1024.jpg 768w, http:\/\/adurcal.com\/turismo\/wp-content\/uploads\/2018\/04\/churros-de-cuaresma.jpg 1200w\" sizes=\"(max-width: 225px) 100vw, 225px\" \/> <img loading=\"lazy\" class=\"alignnone size-medium wp-image-3032\" src=\"http:\/\/adurcal.com\/turismo\/wp-content\/uploads\/2018\/04\/crocanti-de-pollo-con-salsa-barbacoa-300x193.jpg\" alt=\"\" width=\"300\" height=\"193\" srcset=\"http:\/\/adurcal.com\/turismo\/wp-content\/uploads\/2018\/04\/crocanti-de-pollo-con-salsa-barbacoa-300x193.jpg 300w, http:\/\/adurcal.com\/turismo\/wp-content\/uploads\/2018\/04\/crocanti-de-pollo-con-salsa-barbacoa.jpg 700w\" sizes=\"(max-width: 300px) 100vw, 300px\" \/> <img loading=\"lazy\" class=\"alignnone size-medium wp-image-3033\" src=\"http:\/\/adurcal.com\/turismo\/wp-content\/uploads\/2018\/04\/croqueta-de-espinacas-con-gambas-y-remoj\u00f3n-300x300.jpg\" alt=\"\" width=\"300\" height=\"300\" srcset=\"http:\/\/adurcal.com\/turismo\/wp-content\/uploads\/2018\/04\/croqueta-de-espinacas-con-gambas-y-remoj\u00f3n-300x300.jpg 300w, http:\/\/adurcal.com\/turismo\/wp-content\/uploads\/2018\/04\/croqueta-de-espinacas-con-gambas-y-remoj\u00f3n-150x150.jpg 150w, http:\/\/adurcal.com\/turismo\/wp-content\/uploads\/2018\/04\/croqueta-de-espinacas-con-gambas-y-remoj\u00f3n-768x768.jpg 768w, http:\/\/adurcal.com\/turismo\/wp-content\/uploads\/2018\/04\/croqueta-de-espinacas-con-gambas-y-remoj\u00f3n-1024x1024.jpg 1024w, http:\/\/adurcal.com\/turismo\/wp-content\/uploads\/2018\/04\/croqueta-de-espinacas-con-gambas-y-remoj\u00f3n.jpg 1600w\" sizes=\"(max-width: 300px) 100vw, 300px\" \/> <img loading=\"lazy\" class=\"alignnone size-medium wp-image-3034\" src=\"http:\/\/adurcal.com\/turismo\/wp-content\/uploads\/2018\/04\/dados-de-bacalao-al-marquesado-300x225.jpg\" alt=\"\" width=\"300\" height=\"225\" srcset=\"http:\/\/adurcal.com\/turismo\/wp-content\/uploads\/2018\/04\/dados-de-bacalao-al-marquesado-300x225.jpg 300w, http:\/\/adurcal.com\/turismo\/wp-content\/uploads\/2018\/04\/dados-de-bacalao-al-marquesado-768x576.jpg 768w, http:\/\/adurcal.com\/turismo\/wp-content\/uploads\/2018\/04\/dados-de-bacalao-al-marquesado-1024x768.jpg 1024w\" sizes=\"(max-width: 300px) 100vw, 300px\" \/> <img loading=\"lazy\" class=\"alignnone size-medium wp-image-3035\" src=\"http:\/\/adurcal.com\/turismo\/wp-content\/uploads\/2018\/04\/fajita-tropical-300x225.jpg\" alt=\"\" width=\"300\" height=\"225\" srcset=\"http:\/\/adurcal.com\/turismo\/wp-content\/uploads\/2018\/04\/fajita-tropical-300x225.jpg 300w, http:\/\/adurcal.com\/turismo\/wp-content\/uploads\/2018\/04\/fajita-tropical-768x576.jpg 768w, http:\/\/adurcal.com\/turismo\/wp-content\/uploads\/2018\/04\/fajita-tropical-1024x768.jpg 1024w\" sizes=\"(max-width: 300px) 100vw, 300px\" \/> <img loading=\"lazy\" class=\"alignnone size-medium wp-image-3036\" src=\"http:\/\/adurcal.com\/turismo\/wp-content\/uploads\/2018\/04\/fajita-vegetal-300x277.png\" alt=\"\" width=\"300\" height=\"277\" srcset=\"http:\/\/adurcal.com\/turismo\/wp-content\/uploads\/2018\/04\/fajita-vegetal-300x277.png 300w, http:\/\/adurcal.com\/turismo\/wp-content\/uploads\/2018\/04\/fajita-vegetal.png 433w\" sizes=\"(max-width: 300px) 100vw, 300px\" \/> <img loading=\"lazy\" class=\"alignnone size-medium wp-image-3037\" src=\"http:\/\/adurcal.com\/turismo\/wp-content\/uploads\/2018\/04\/montadito-c\u00e9sar-300x255.jpg\" alt=\"\" width=\"300\" height=\"255\" srcset=\"http:\/\/adurcal.com\/turismo\/wp-content\/uploads\/2018\/04\/montadito-c\u00e9sar-300x255.jpg 300w, http:\/\/adurcal.com\/turismo\/wp-content\/uploads\/2018\/04\/montadito-c\u00e9sar-768x653.jpg 768w, http:\/\/adurcal.com\/turismo\/wp-content\/uploads\/2018\/04\/montadito-c\u00e9sar.jpg 1024w\" sizes=\"(max-width: 300px) 100vw, 300px\" \/> <img loading=\"lazy\" class=\"alignnone size-medium wp-image-3038\" src=\"http:\/\/adurcal.com\/turismo\/wp-content\/uploads\/2018\/04\/remui\u00f1itas-para-chuparse-las-u\u00f1itas-169x300.jpg\" alt=\"\" width=\"169\" height=\"300\" srcset=\"http:\/\/adurcal.com\/turismo\/wp-content\/uploads\/2018\/04\/remui\u00f1itas-para-chuparse-las-u\u00f1itas-169x300.jpg 169w, http:\/\/adurcal.com\/turismo\/wp-content\/uploads\/2018\/04\/remui\u00f1itas-para-chuparse-las-u\u00f1itas-768x1365.jpg 768w, http:\/\/adurcal.com\/turismo\/wp-content\/uploads\/2018\/04\/remui\u00f1itas-para-chuparse-las-u\u00f1itas-576x1024.jpg 576w, http:\/\/adurcal.com\/turismo\/wp-content\/uploads\/2018\/04\/remui\u00f1itas-para-chuparse-las-u\u00f1itas.jpg 900w\" sizes=\"(max-width: 169px) 100vw, 169px\" \/>\u00a0<img loading=\"lazy\" class=\"alignnone size-medium wp-image-3040\" src=\"http:\/\/adurcal.com\/turismo\/wp-content\/uploads\/2018\/04\/solomillo-de-cerdo-con-bechamel-y-ravioli-de-calabacin-225x300.jpg\" alt=\"\" width=\"225\" height=\"300\" srcset=\"http:\/\/adurcal.com\/turismo\/wp-content\/uploads\/2018\/04\/solomillo-de-cerdo-con-bechamel-y-ravioli-de-calabacin-225x300.jpg 225w, http:\/\/adurcal.com\/turismo\/wp-content\/uploads\/2018\/04\/solomillo-de-cerdo-con-bechamel-y-ravioli-de-calabacin-768x1024.jpg 768w\" sizes=\"(max-width: 225px) 100vw, 225px\" \/> <img loading=\"lazy\" class=\"alignnone size-medium wp-image-3041\" src=\"http:\/\/adurcal.com\/turismo\/wp-content\/uploads\/2018\/04\/chispa-de-primavera-225x300.jpg\" alt=\"\" width=\"225\" height=\"300\" srcset=\"http:\/\/adurcal.com\/turismo\/wp-content\/uploads\/2018\/04\/chispa-de-primavera-225x300.jpg 225w, http:\/\/adurcal.com\/turismo\/wp-content\/uploads\/2018\/04\/chispa-de-primavera-768x1024.jpg 768w\" sizes=\"(max-width: 225px) 100vw, 225px\" \/> <img loading=\"lazy\" class=\"alignnone size-medium wp-image-3042\" src=\"http:\/\/adurcal.com\/turismo\/wp-content\/uploads\/2018\/04\/guiso-de-carne-con-patatas-300x225.jpg\" alt=\"\" width=\"300\" height=\"225\" srcset=\"http:\/\/adurcal.com\/turismo\/wp-content\/uploads\/2018\/04\/guiso-de-carne-con-patatas-300x225.jpg 300w, http:\/\/adurcal.com\/turismo\/wp-content\/uploads\/2018\/04\/guiso-de-carne-con-patatas-768x576.jpg 768w, http:\/\/adurcal.com\/turismo\/wp-content\/uploads\/2018\/04\/guiso-de-carne-con-patatas-1024x768.jpg 1024w\" sizes=\"(max-width: 300px) 100vw, 300px\" \/> <img loading=\"lazy\" class=\"alignnone size-medium wp-image-3043\" src=\"http:\/\/adurcal.com\/turismo\/wp-content\/uploads\/2018\/04\/rollizos-crujientes-rellenos-de-pollo-225x300.jpeg\" alt=\"\" width=\"225\" height=\"300\" srcset=\"http:\/\/adurcal.com\/turismo\/wp-content\/uploads\/2018\/04\/rollizos-crujientes-rellenos-de-pollo-225x300.jpeg 225w, http:\/\/adurcal.com\/turismo\/wp-content\/uploads\/2018\/04\/rollizos-crujientes-rellenos-de-pollo-768x1024.jpeg 768w\" sizes=\"(max-width: 225px) 100vw, 225px\" \/><\/em><\/strong><\/p>\n","protected":false},"excerpt":{"rendered":"<p>\ufeff &nbsp; III \u00a0RUTA DE LA TAPA D\u00daRCAL \u00a0 FECHA Y HORA:DIAS 23-24-25 DE MARZO.A partir del Viernes 23 desde las 12:30 horas hasta el Domingo 25 hasta las 23:00 horas.Cada bar permanecer\u00e1 abierto en horario normal al p\u00fablico.LA HORA DE INICIO DE LAS JORNADAS SER\u00c1 CADA D\u00cdA A PARTIR DE LAS 12:30 HASTA CIERRE [&hellip;]<\/p>\n","protected":false},"author":1,"featured_media":0,"parent":0,"menu_order":0,"comment_status":"closed","ping_status":"closed","template":"","meta":[],"_links":{"self":[{"href":"http:\/\/adurcal.com\/turismo\/wp-json\/wp\/v2\/pages\/481"}],"collection":[{"href":"http:\/\/adurcal.com\/turismo\/wp-json\/wp\/v2\/pages"}],"about":[{"href":"http:\/\/adurcal.com\/turismo\/wp-json\/wp\/v2\/types\/page"}],"author":[{"embeddable":true,"href":"http:\/\/adurcal.com\/turismo\/wp-json\/wp\/v2\/users\/1"}],"replies":[{"embeddable":true,"href":"http:\/\/adurcal.com\/turismo\/wp-json\/wp\/v2\/comments?post=481"}],"version-history":[{"count":19,"href":"http:\/\/adurcal.com\/turismo\/wp-json\/wp\/v2\/pages\/481\/revisions"}],"predecessor-version":[{"id":3524,"href":"http:\/\/adurcal.com\/turismo\/wp-json\/wp\/v2\/pages\/481\/revisions\/3524"}],"wp:attachment":[{"href":"http:\/\/adurcal.com\/turismo\/wp-json\/wp\/v2\/media?parent=481"}],"curies":[{"name":"wp","href":"https:\/\/api.w.org\/{rel}","templated":true}]}}