{"id":422,"date":"2017-12-19T13:17:15","date_gmt":"2017-12-19T13:17:15","guid":{"rendered":"http:\/\/adurcal.com\/turismo\/?page_id=422"},"modified":"2018-04-10T13:22:48","modified_gmt":"2018-04-10T12:22:48","slug":"el-fuerte-de-margena","status":"publish","type":"page","link":"http:\/\/adurcal.com\/turismo\/el-fuerte-de-margena\/","title":{"rendered":"El Fuerte de Margena"},"content":{"rendered":"<h4>El fuerte de M\u00e1rgena de <em><strong>\u00e9poca nazar\u00ed<\/strong><\/em>, est\u00e1 enclavado en las f\u00e9rtiles huertas de la <em><strong>vega de M\u00e1rgena<\/strong><\/em> o Mahina, a la vez regada por la acequia de origen musulm\u00e1n del mismo nombre. Desde el <em><strong>S.XVI<\/strong><\/em> en diversas cr\u00f3nicas (Libros de A<em><strong><img loading=\"lazy\" class=\" wp-image-56 alignright\" src=\"http:\/\/adurcal.com\/turismo\/wp-content\/uploads\/2017\/05\/image009-300x225.jpg\" alt=\"\" width=\"356\" height=\"267\" srcset=\"http:\/\/adurcal.com\/turismo\/wp-content\/uploads\/2017\/05\/image009-300x225.jpg 300w, http:\/\/adurcal.com\/turismo\/wp-content\/uploads\/2017\/05\/image009-768x576.jpg 768w, http:\/\/adurcal.com\/turismo\/wp-content\/uploads\/2017\/05\/image009-640x480.jpg 640w, http:\/\/adurcal.com\/turismo\/wp-content\/uploads\/2017\/05\/image009.jpg 960w\" sizes=\"(max-width: 356px) 100vw, 356px\" \/><\/strong><\/em>peo y repartimiento de Madoz y en el croquis del catastro del Marqu\u00e9s de la ensenada), aparec\u00eda el nombre del barrio de M\u00e1rgena, que con el paso del tiempo qued\u00f3 abandonado.<br \/>\nTambi\u00e9n en el libro de castigo y rebeli\u00f3n de los moriscos, de M\u00e1rmol Carvajal, sit\u00faa en este barrio muchas escaramuzas dentro de la expulsi\u00f3n de los moriscos llevada a cabo en el S.XVI, donde se produjeron numerosas bajas por ambos bandos, aunque finaliz\u00f3 con la victoria final de las tropas castellanas procedentes de <em><strong>Padul<\/strong><\/em>, donde estaban acampadas.<br \/>\nReconocido como B.I.C. (Bien de Inter\u00e9s Cultural) lo que se encuentra visible son los restos de una <em><strong>torre de la alquer\u00eda o Barrio<\/strong><\/em>, dominando y vigilando la red viaria.<br \/>\nQuedan las fachadas sur y este, unidas en un \u00e1ngulo recto. Las medidas interiores son de 5,30m x 4,30m y las exteriores de 5,70m x 7,20m y un grosor de muro de unos 1,5m. La altura conservada es de unos 6,55m.<\/h4>\n<p><img loading=\"lazy\" class=\"alignnone wp-image-2968\" src=\"http:\/\/adurcal.com\/turismo\/wp-content\/uploads\/2018\/04\/image001_small-300x225.jpg\" alt=\"\" width=\"436\" height=\"327\" srcset=\"http:\/\/adurcal.com\/turismo\/wp-content\/uploads\/2018\/04\/image001_small-300x225.jpg 300w, http:\/\/adurcal.com\/turismo\/wp-content\/uploads\/2018\/04\/image001_small.jpg 650w\" sizes=\"(max-width: 436px) 100vw, 436px\" \/>\u00a0 \u00a0<a href=\"http:\/\/www.adurcal.com\/enlaces\/mancomunidad\/noticias\/3dgoogle\/emulaciones\/margena\/index.htm\">VER reconstruci\u00f3n 3D<\/a><\/p>\n","protected":false},"excerpt":{"rendered":"<p>El fuerte de M\u00e1rgena de \u00e9poca nazar\u00ed, est\u00e1 enclavado en las f\u00e9rtiles huertas de la vega de M\u00e1rgena o Mahina, a la vez regada por la acequia de origen musulm\u00e1n del mismo nombre. Desde el S.XVI en diversas cr\u00f3nicas (Libros de Apeo y repartimiento de Madoz y en el croquis del catastro del Marqu\u00e9s de [&hellip;]<\/p>\n","protected":false},"author":1,"featured_media":0,"parent":0,"menu_order":0,"comment_status":"closed","ping_status":"closed","template":"","meta":[],"_links":{"self":[{"href":"http:\/\/adurcal.com\/turismo\/wp-json\/wp\/v2\/pages\/422"}],"collection":[{"href":"http:\/\/adurcal.com\/turismo\/wp-json\/wp\/v2\/pages"}],"about":[{"href":"http:\/\/adurcal.com\/turismo\/wp-json\/wp\/v2\/types\/page"}],"author":[{"embeddable":true,"href":"http:\/\/adurcal.com\/turismo\/wp-json\/wp\/v2\/users\/1"}],"replies":[{"embeddable":true,"href":"http:\/\/adurcal.com\/turismo\/wp-json\/wp\/v2\/comments?post=422"}],"version-history":[{"count":11,"href":"http:\/\/adurcal.com\/turismo\/wp-json\/wp\/v2\/pages\/422\/revisions"}],"predecessor-version":[{"id":3316,"href":"http:\/\/adurcal.com\/turismo\/wp-json\/wp\/v2\/pages\/422\/revisions\/3316"}],"wp:attachment":[{"href":"http:\/\/adurcal.com\/turismo\/wp-json\/wp\/v2\/media?parent=422"}],"curies":[{"name":"wp","href":"https:\/\/api.w.org\/{rel}","templated":true}]}}