{"id":3584,"date":"2019-06-03T07:36:58","date_gmt":"2019-06-03T06:36:58","guid":{"rendered":"http:\/\/adurcal.com\/turismo\/?page_id=3584"},"modified":"2019-06-07T07:20:37","modified_gmt":"2019-06-07T06:20:37","slug":"manuel-vilchez","status":"publish","type":"page","link":"http:\/\/adurcal.com\/turismo\/manuel-vilchez\/","title":{"rendered":"Manuel Vilchez"},"content":{"rendered":"<p><a href=\"http:\/\/adurcal.com\/turismo\/wp-content\/uploads\/2019\/05\/DMV-242x300.jpg\"><img loading=\"lazy\" src=\"http:\/\/adurcal.com\/turismo\/wp-content\/uploads\/2019\/05\/DMV-242x300-242x300.jpg\" alt=\"\" width=\"242\" height=\"300\" \/><\/a><br \/>\nManuel Vilchez es un cura que desde hace m\u00e1s de veinte a\u00f1os lleva viviendo por la Sierra de D\u00farcal. Antes de llegar a nuestra comarca, Vilchez viv\u00eda por la comarca de la Alpujarra. Desde que lleg\u00f3 por nuestro Valle de Lecr\u00edn, fue intenci\u00f3n de Manuel Vilchez ponerse al servicio de la gente con problemas. En concreto, este cura atiende en la Sierra de D\u00farcal un centro de rehabilitaci\u00f3n de toxic\u00f3manos. La continua oraci\u00f3n y el cultivo de la tierra, han sido el mejor apoyo para esos j\u00f3venes, adem\u00e1s de la gran acogida y acompa\u00f1amiento personal que Don Manuel hizo con cada uno de ellos. Este lugar tiene la peculiaridad de que todos los que habitan son vegetarianos y se alimentan casi siempre del huerto.La terapia que realiza Manuel con sus visitantes, que acceden de manera voluntaria y no pagan nada por hospedarse all\u00ed, consiste en la creencia de que el cuerpo es d\u00e9bil y cae f\u00e1cilmente en las tentaciones que la vida alberga. Manuel ense\u00f1a con el ejemplo y, por eso, no tiene televisi\u00f3n. Como cada 15 de Agosto, festividad de la Virgen de la Asunci\u00f3n, oficia una misa en la Sierra de D\u00farcal.<a href=\"http:\/\/adurcal.com\/turismo\/wp-content\/uploads\/2019\/05\/maxresdefault.jpg\"><img loading=\"lazy\" src=\"http:\/\/adurcal.com\/turismo\/wp-content\/uploads\/2019\/05\/maxresdefault-300x169.jpg\" alt=\"\" width=\"320\" height=\"180\" \/><\/a><\/p>\n","protected":false},"excerpt":{"rendered":"<p>Manuel Vilchez es un cura que desde hace m\u00e1s de veinte a\u00f1os lleva viviendo por la Sierra de D\u00farcal. Antes de llegar a nuestra comarca, Vilchez viv\u00eda por la comarca de la Alpujarra. Desde que lleg\u00f3 por nuestro Valle de Lecr\u00edn, fue intenci\u00f3n de Manuel Vilchez ponerse al servicio de la gente con problemas. En [&hellip;]<\/p>\n","protected":false},"author":1,"featured_media":0,"parent":0,"menu_order":0,"comment_status":"closed","ping_status":"closed","template":"","meta":[],"_links":{"self":[{"href":"http:\/\/adurcal.com\/turismo\/wp-json\/wp\/v2\/pages\/3584"}],"collection":[{"href":"http:\/\/adurcal.com\/turismo\/wp-json\/wp\/v2\/pages"}],"about":[{"href":"http:\/\/adurcal.com\/turismo\/wp-json\/wp\/v2\/types\/page"}],"author":[{"embeddable":true,"href":"http:\/\/adurcal.com\/turismo\/wp-json\/wp\/v2\/users\/1"}],"replies":[{"embeddable":true,"href":"http:\/\/adurcal.com\/turismo\/wp-json\/wp\/v2\/comments?post=3584"}],"version-history":[{"count":3,"href":"http:\/\/adurcal.com\/turismo\/wp-json\/wp\/v2\/pages\/3584\/revisions"}],"predecessor-version":[{"id":3626,"href":"http:\/\/adurcal.com\/turismo\/wp-json\/wp\/v2\/pages\/3584\/revisions\/3626"}],"wp:attachment":[{"href":"http:\/\/adurcal.com\/turismo\/wp-json\/wp\/v2\/media?parent=3584"}],"curies":[{"name":"wp","href":"https:\/\/api.w.org\/{rel}","templated":true}]}}