{"id":3452,"date":"2018-04-11T19:17:51","date_gmt":"2018-04-11T18:17:51","guid":{"rendered":"http:\/\/adurcal.com\/turismo\/?page_id=3452"},"modified":"2018-04-12T08:30:28","modified_gmt":"2018-04-12T07:30:28","slug":"acequias-del-poqueira","status":"publish","type":"page","link":"http:\/\/adurcal.com\/turismo\/acequias-del-poqueira\/","title":{"rendered":"Acequias del Poqueira"},"content":{"rendered":"<h4>Comenzamos nuestro itinerario en Capileira, cruzando el pueblo hasta la zona alta para salir por el camino de la sierra hacia la Cebadilla. Dejando atr\u00e1s las \u00faltimas casas subimos por un camino de herradura que se sigue usando, a\u00fan hoy, por los pocos que a\u00fan realizan labores del campo y tienen ganado en la sierra.<\/h4>\n<p>&nbsp;<\/p>\n<h4>En diez minutos alcanzamos una zona rocosa donde el camino zigzaguea, con impresionantes vistas al barranco de Poqueira. M\u00e1s adelante, llegamos a un carril que seguimos a la izquierda, para abandonarlo poco despu\u00e9s por una vereda que pasa por debajo de los dep\u00f3sitos de agua potable. A continuaci\u00f3n caminaremos junto a la acequia de los Lugares y bajo un pinar de repoblaci\u00f3n.<\/h4>\n<p><img loading=\"lazy\" class=\"alignnone wp-image-3446\" src=\"http:\/\/adurcal.com\/turismo\/wp-content\/uploads\/2018\/04\/IMG-20180411-WA0006-300x201.jpg\" alt=\"\" width=\"582\" height=\"390\" srcset=\"http:\/\/adurcal.com\/turismo\/wp-content\/uploads\/2018\/04\/IMG-20180411-WA0006-300x201.jpg 300w, http:\/\/adurcal.com\/turismo\/wp-content\/uploads\/2018\/04\/IMG-20180411-WA0006-768x514.jpg 768w, http:\/\/adurcal.com\/turismo\/wp-content\/uploads\/2018\/04\/IMG-20180411-WA0006-1024x685.jpg 1024w, http:\/\/adurcal.com\/turismo\/wp-content\/uploads\/2018\/04\/IMG-20180411-WA0006.jpg 1600w\" sizes=\"(max-width: 582px) 100vw, 582px\" \/><\/p>\n<h4>En este punto\u00a0 cruzamos la acequia para salir a una pista que nos lleva a la Cebadilla (una central hidroel\u00e9ctrica que se construy\u00f3 a mediados del siglo pasado). En estas inmediaciones est\u00e1 la junta de los r\u00edos, donde se unen el Toril con el r\u00edo Naute formando a partir de este momento el r\u00edo Poqueira.<\/h4>\n<p><img loading=\"lazy\" class=\"alignnone wp-image-3447\" src=\"http:\/\/adurcal.com\/turismo\/wp-content\/uploads\/2018\/04\/IMG-20180411-WA0007-300x200.jpg\" alt=\"\" width=\"567\" height=\"378\" srcset=\"http:\/\/adurcal.com\/turismo\/wp-content\/uploads\/2018\/04\/IMG-20180411-WA0007-300x200.jpg 300w, http:\/\/adurcal.com\/turismo\/wp-content\/uploads\/2018\/04\/IMG-20180411-WA0007-768x512.jpg 768w, http:\/\/adurcal.com\/turismo\/wp-content\/uploads\/2018\/04\/IMG-20180411-WA0007-1024x682.jpg 1024w, http:\/\/adurcal.com\/turismo\/wp-content\/uploads\/2018\/04\/IMG-20180411-WA0007.jpg 1600w\" sizes=\"(max-width: 567px) 100vw, 567px\" \/><\/p>\n<h4>Junto\u00a0 al \u00faltimo puente comienza un camino de herradura, lleno de encinas y casta\u00f1os, con vistas a Mulhac\u00e9n. En algo menos de media hora con continuo serpenteo llegamos a un cruce. Dejamos a la izquierda la senda que sigue a la loma P\u00faa por otra que sube de manera m\u00e1s suave. Unos minutos despu\u00e9s dejamos igualmente la senda que sale a la izquierda, junto a un cortijos cercados y ya lo haremos ahora observando de fondo el cortijo de las Tomas. Tras aproximadamente diez minutos vemos otro cruce junto a un cortijo con nogales y tomamos la vereda que baja al r\u00edo.<\/h4>\n<h4>R\u00edo arriba pasamos bajo los tajos de Ca\u00f1avate y lo cruzamos con una zona de grandes mimbres. En unos minutos llegamos a la desembocadura del r\u00edo veleta que atravesamos por un puente. Tras un ascenso llegamos al r\u00edo Mulhac\u00e9n que cruzamos para encarar la\u00a0 la subida en direcci\u00f3n a la acequia Baja y un poco m\u00e1s arriba llegar al cortijo de las Tomas situado a 2100 metros.<\/h4>\n<p><img loading=\"lazy\" class=\"alignnone wp-image-3445\" src=\"http:\/\/adurcal.com\/turismo\/wp-content\/uploads\/2018\/04\/IMG-20180411-WA0005-2-300x200.jpg\" alt=\"\" width=\"515\" height=\"343\" srcset=\"http:\/\/adurcal.com\/turismo\/wp-content\/uploads\/2018\/04\/IMG-20180411-WA0005-2-300x200.jpg 300w, http:\/\/adurcal.com\/turismo\/wp-content\/uploads\/2018\/04\/IMG-20180411-WA0005-2-768x512.jpg 768w, http:\/\/adurcal.com\/turismo\/wp-content\/uploads\/2018\/04\/IMG-20180411-WA0005-2.jpg 800w\" sizes=\"(max-width: 515px) 100vw, 515px\" \/><\/p>\n<h4>Ya de regreso a Capileira, vamos en direcci\u00f3n sur por una vereda que asciende a la acequia Alta. Este recorrido entre las dos acequias de aproximadamente una hora nos permite tener unas impresionantes vistas del entorno. M\u00e1s adelante la vereda comienza a descender, llegamos a la acequia Baja y\u00a0 luego nos adentramos en un pinar. En unos minutos llegamos a la Cebadilla, que cruzamos para seguir nuestro camino hasta los dep\u00f3sitos de agua, donde retomaremos el camino de ida por la verea que nos conduce a Capileira.<\/h4>\n<h4>Trayecto \u2013circular<\/h4>\n<h4>Longitud-18km<\/h4>\n<h4>Tiempo-7-8 horas<\/h4>\n","protected":false},"excerpt":{"rendered":"<p>Comenzamos nuestro itinerario en Capileira, cruzando el pueblo hasta la zona alta para salir por el camino de la sierra hacia la Cebadilla. Dejando atr\u00e1s las \u00faltimas casas subimos por un camino de herradura que se sigue usando, a\u00fan hoy, por los pocos que a\u00fan realizan labores del campo y tienen ganado en la sierra. [&hellip;]<\/p>\n","protected":false},"author":1,"featured_media":0,"parent":0,"menu_order":0,"comment_status":"closed","ping_status":"closed","template":"","meta":[],"_links":{"self":[{"href":"http:\/\/adurcal.com\/turismo\/wp-json\/wp\/v2\/pages\/3452"}],"collection":[{"href":"http:\/\/adurcal.com\/turismo\/wp-json\/wp\/v2\/pages"}],"about":[{"href":"http:\/\/adurcal.com\/turismo\/wp-json\/wp\/v2\/types\/page"}],"author":[{"embeddable":true,"href":"http:\/\/adurcal.com\/turismo\/wp-json\/wp\/v2\/users\/1"}],"replies":[{"embeddable":true,"href":"http:\/\/adurcal.com\/turismo\/wp-json\/wp\/v2\/comments?post=3452"}],"version-history":[{"count":5,"href":"http:\/\/adurcal.com\/turismo\/wp-json\/wp\/v2\/pages\/3452\/revisions"}],"predecessor-version":[{"id":3474,"href":"http:\/\/adurcal.com\/turismo\/wp-json\/wp\/v2\/pages\/3452\/revisions\/3474"}],"wp:attachment":[{"href":"http:\/\/adurcal.com\/turismo\/wp-json\/wp\/v2\/media?parent=3452"}],"curies":[{"name":"wp","href":"https:\/\/api.w.org\/{rel}","templated":true}]}}