{"id":3288,"date":"2018-04-10T08:51:04","date_gmt":"2018-04-10T07:51:04","guid":{"rendered":"http:\/\/adurcal.com\/turismo\/?page_id=3288"},"modified":"2018-04-11T10:45:32","modified_gmt":"2018-04-11T09:45:32","slug":"ruta-acequia-de-los-hechos","status":"publish","type":"page","link":"http:\/\/adurcal.com\/turismo\/ruta-acequia-de-los-hechos\/","title":{"rendered":"Ruta acequia de los hechos"},"content":{"rendered":"<h4>Esta ruta que vamos a realizar trascurre pr\u00e1cticamente en el parque nacional de Sierra Nevada y en su mayor\u00eda en el t\u00e9rmino municipal de D\u00farcal. Es uno de los lugares m\u00e1s bonitos y desconocidos de Sierra Nevada.<\/h4>\n<h4>La acequia de los Hechos es una construcci\u00f3n \u00e1rabe de unos 700 a\u00f1os de antig\u00fcedad, nace en el mismo sitio que el r\u00edo D\u00farcal, la zona denominada como los nacimientos, en un circo glaciar al pie de los Tajos Altos y el Tozal del Cartujo. Esta acequia lleva agua a la localidad de Nig\u00fcelas, que a la vez comparte esta agua con la acequia de la Moranja de D\u00farcal. A finales del siglo XVIII hubo numerosos litigios entre D\u00farcal y Nig\u00fcelas por la titularidad de la acequia. Actualmente el ayuntamiento de Nig\u00fcelas utiliza la enorme caida y fuerza del agua para producir electricidad.<\/h4>\n<p><img loading=\"lazy\" class=\" wp-image-2165\" src=\"http:\/\/adurcal.com\/turismo\/wp-content\/uploads\/2018\/03\/17436193_1239887302792694_5117659839512894492_o-copia-copia-300x225.jpg\" alt=\"ACEQUIA DE LOS HECHOS D\u00daRCAL GRANADA TURISMO D\u00daRCAL VALLE DE LECR\u00cdN\" width=\"460\" height=\"345\" srcset=\"http:\/\/adurcal.com\/turismo\/wp-content\/uploads\/2018\/03\/17436193_1239887302792694_5117659839512894492_o-copia-copia-300x225.jpg 300w, http:\/\/adurcal.com\/turismo\/wp-content\/uploads\/2018\/03\/17436193_1239887302792694_5117659839512894492_o-copia-copia-768x576.jpg 768w, http:\/\/adurcal.com\/turismo\/wp-content\/uploads\/2018\/03\/17436193_1239887302792694_5117659839512894492_o-copia-copia-1024x768.jpg 1024w, http:\/\/adurcal.com\/turismo\/wp-content\/uploads\/2018\/03\/17436193_1239887302792694_5117659839512894492_o-copia-copia.jpg 2048w\" sizes=\"(max-width: 460px) 100vw, 460px\" \/><\/p>\n<h4>Es aconsejable para realizar esta ruta, subir a la sierra de D\u00farcal por un carril de unos 16,5 km, que parte desde el pueblo de Nig\u00fcelas, y llega a la zona de los cortijos de D\u00farcal. El camino muchas veces est\u00e1 en mal estado, por lo que ser aconseja subir con un todo terreno. Una vez que estamos justo detr\u00e1s del Zahor, debemos de buscar la bifurcaci\u00f3n que pone\u00a0 fuente fr\u00eda. Este nacimiento se encuentran muy cerca del cortijo de Echevarr\u00eda. Desde ah\u00ed debemos siempre seguir por el camino en las bifurcaciones que va hacia la derecha. El track para no perderse es:<\/h4>\n<h4>\u00a0https:\/\/es.wikiloc.com\/wikiloc\/view.do?id=17610815<\/h4>\n<h4>Tras pasar la choza de las yeguas, donde pr\u00e1cticamente, cuando lo permite el tiempo, hay siempre pastores con su ganader\u00eda, a los pocos metros llegamos a una \u00a0explanada donde deber\u00edamos aparcar nuestro veh\u00edculo. Ah\u00ed comenzaremos nuestra ruta a pie. Tras andar unos metros con unas excelentes vistas hacia el barranco del caballo llegamos por fin,por el tramo de la\u00a0 acequia de los hechos,por el que vamos a transitar, que en este punto tiene una fuerte ca\u00edda que debemos de ascender. A partir de este momento el desnivel se suaviza.<\/h4>\n<p><img loading=\"lazy\" class=\" wp-image-2164\" src=\"http:\/\/adurcal.com\/turismo\/wp-content\/uploads\/2018\/03\/17436141_1239887776125980_1915998732640412387_o-copia-copia-300x225.jpg\" alt=\"ACEQUIA DE LOS HECHOS D\u00daRCAL GRANADA TURISMO D\u00daRCAL VALLE DE LECR\u00cdN\" width=\"435\" height=\"326\" srcset=\"http:\/\/adurcal.com\/turismo\/wp-content\/uploads\/2018\/03\/17436141_1239887776125980_1915998732640412387_o-copia-copia-300x225.jpg 300w, http:\/\/adurcal.com\/turismo\/wp-content\/uploads\/2018\/03\/17436141_1239887776125980_1915998732640412387_o-copia-copia-768x576.jpg 768w, http:\/\/adurcal.com\/turismo\/wp-content\/uploads\/2018\/03\/17436141_1239887776125980_1915998732640412387_o-copia-copia-1024x768.jpg 1024w, http:\/\/adurcal.com\/turismo\/wp-content\/uploads\/2018\/03\/17436141_1239887776125980_1915998732640412387_o-copia-copia.jpg 2048w\" sizes=\"(max-width: 435px) 100vw, 435px\" \/><\/p>\n<h4>Una de las caracter\u00edsticas m\u00e1s importantes de esta acequia, es que es de careo, o sea, al no estar hormigonada, en su recorrido va perdiendo peque\u00f1as cantidades de agua y crea un ecosistema \u00fanico, ya que debido a sus filtraciones, la vida bajo el paso de la acequia est\u00e1 garantizada.<\/h4>\n<h4>Junto a la acequia a lo largo del camino, podemos encontrar ganado suelto pastando, y sobre todo podemos observar las numerosas plantas end\u00e9micas y \u00fanicas en el mundo. En esta ruta caminaremos por el curso de la acequia hasta la toma del r\u00edo D\u00farcal, y posteriormente ascenderemos a la laguna del Carnero tambi\u00e9n de origen glaciar, con un desnivel positivo y negativo de 548m.<\/h4>\n<h4>En esta zona de especial protecci\u00f3n, debemos ser conscientes de ello, y pisar lo estrictamente necesario ya que pasaremos por ecosistemas muy fr\u00e1giles y de gran valor. Borreguiles, decenas de especies de flora y fauna nos acompa\u00f1ar\u00e1n durante el camino. El rumor del agua nos hipnotiza nos llena de matices ac\u00fasticos de tranquilidad, o donde hay m\u00e1s desnivel, nos atrona a su paso. La belleza y las vistas durante todo el recorrido es un deleite para los sentidos.<\/h4>\n<p><img loading=\"lazy\" class=\" wp-image-2445\" src=\"http:\/\/adurcal.com\/turismo\/wp-content\/uploads\/2018\/03\/P1190757-300x225.jpg\" alt=\"ACEQUIA DE LOS HECHOS SIERRA DE D\u00daRCAL SIERRA NEVADA TURISMO D\u00daRCAL VALLE DE LECR\u00cdN\" width=\"528\" height=\"396\" srcset=\"http:\/\/adurcal.com\/turismo\/wp-content\/uploads\/2018\/03\/P1190757-300x225.jpg 300w, http:\/\/adurcal.com\/turismo\/wp-content\/uploads\/2018\/03\/P1190757-768x576.jpg 768w, http:\/\/adurcal.com\/turismo\/wp-content\/uploads\/2018\/03\/P1190757.jpg 817w\" sizes=\"(max-width: 528px) 100vw, 528px\" \/><\/p>\n<h4>Tras pasar por el barranco de las pedrizas a prado escondido a continuaci\u00f3n bordearemos la loma de las particiones, buscado el final de la acequia, en la denominada Toma. Aqu\u00ed llegamos al valle glaciar en forma de U, bajo los tresmiles de la sierra de D\u00farcal. Este sitio es fascinante. De ah\u00ed nos dirigimos hacia la laguna del Carnero, del Cabrero o del Puesto del Cura, que debido al desnivel y ya la altura a la que estamos puede ser que nos cueste un poco. Merece la pena llegar a esta laguna de aguas cristalinas y g\u00e9lidas. Desde aqu\u00ed las panor\u00e1micas son de ensue\u00f1o.<\/h4>\n<p><img loading=\"lazy\" class=\"alignnone wp-image-3333\" src=\"http:\/\/adurcal.com\/turismo\/wp-content\/uploads\/2018\/04\/7610238-300x225.jpg\" alt=\"\" width=\"545\" height=\"409\" srcset=\"http:\/\/adurcal.com\/turismo\/wp-content\/uploads\/2018\/04\/7610238-300x225.jpg 300w, http:\/\/adurcal.com\/turismo\/wp-content\/uploads\/2018\/04\/7610238-768x576.jpg 768w, http:\/\/adurcal.com\/turismo\/wp-content\/uploads\/2018\/04\/7610238.jpg 1024w\" sizes=\"(max-width: 545px) 100vw, 545px\" \/><\/p>\n<h4>Esta ruta de alta monta\u00f1a junto a la acequia de los hechos es de aproximadamente 5,2 km de ida, aunque la dureza del recorrido no es demasiada,\u00a0 de hecho puede hacerla cualquier persona acostumbrada a andar. Creo que lo m\u00e1s complicado de esta ruta es llegar en coche hasta el punto donde lo dejamos. Pero vale la pena, sin duda alguna, hacer el esfuerzo y organizar y realizar esta preciosa ruta.<\/h4>\n<h4><\/h4>\n","protected":false},"excerpt":{"rendered":"<p>Esta ruta que vamos a realizar trascurre pr\u00e1cticamente en el parque nacional de Sierra Nevada y en su mayor\u00eda en el t\u00e9rmino municipal de D\u00farcal. Es uno de los lugares m\u00e1s bonitos y desconocidos de Sierra Nevada. La acequia de los Hechos es una construcci\u00f3n \u00e1rabe de unos 700 a\u00f1os de antig\u00fcedad, nace en el [&hellip;]<\/p>\n","protected":false},"author":1,"featured_media":0,"parent":0,"menu_order":0,"comment_status":"closed","ping_status":"closed","template":"","meta":[],"_links":{"self":[{"href":"http:\/\/adurcal.com\/turismo\/wp-json\/wp\/v2\/pages\/3288"}],"collection":[{"href":"http:\/\/adurcal.com\/turismo\/wp-json\/wp\/v2\/pages"}],"about":[{"href":"http:\/\/adurcal.com\/turismo\/wp-json\/wp\/v2\/types\/page"}],"author":[{"embeddable":true,"href":"http:\/\/adurcal.com\/turismo\/wp-json\/wp\/v2\/users\/1"}],"replies":[{"embeddable":true,"href":"http:\/\/adurcal.com\/turismo\/wp-json\/wp\/v2\/comments?post=3288"}],"version-history":[{"count":10,"href":"http:\/\/adurcal.com\/turismo\/wp-json\/wp\/v2\/pages\/3288\/revisions"}],"predecessor-version":[{"id":3393,"href":"http:\/\/adurcal.com\/turismo\/wp-json\/wp\/v2\/pages\/3288\/revisions\/3393"}],"wp:attachment":[{"href":"http:\/\/adurcal.com\/turismo\/wp-json\/wp\/v2\/media?parent=3288"}],"curies":[{"name":"wp","href":"https:\/\/api.w.org\/{rel}","templated":true}]}}