{"id":2946,"date":"2018-04-04T11:33:52","date_gmt":"2018-04-04T10:33:52","guid":{"rendered":"http:\/\/adurcal.com\/turismo\/?page_id=2946"},"modified":"2018-04-13T12:22:41","modified_gmt":"2018-04-13T11:22:41","slug":"la-choza-taller-del-esparto","status":"publish","type":"page","link":"http:\/\/adurcal.com\/turismo\/la-choza-taller-del-esparto\/","title":{"rendered":"La choza-Taller del Esparto"},"content":{"rendered":"<h4>Hace aproximadamente diez a\u00f1os, la asociaci\u00f3n cultural Alm\u00f3sita inicia su camino empujada por una serie de paisanos de D\u00farcal cuyos objetivos con respecto al patrimonio son los de conservaci\u00f3n y difusi\u00f3n, adem\u00e1s de realizaci\u00f3n de actividades culturales de todo tipo.<\/h4>\n<p><img loading=\"lazy\" class=\"alignnone wp-image-2900\" src=\"http:\/\/adurcal.com\/turismo\/wp-content\/uploads\/2018\/04\/index.1.jpg\" alt=\"\" width=\"260\" height=\"196\" \/><\/p>\n<h4>De los distintos proyectos que est\u00e1 asociaci\u00f3n ha llevado a cabo del pueblo, sin duda cabe destacar la realizaci\u00f3n en el parque de la estaci\u00f3n, de una choza, intentando que fuese lo m\u00e1s parecida a las que\u00a0 siempre se han utilizado en la sierra de D\u00farcal. Esta choza realizada, con piedras del terreno y\u00a0 paja de centeno en su tejado, aunque sufri\u00f3 recientemente un incendio, guarda en su interior, donado por campesinos y\u00a0 habitantes del pueblo, un rico muestrario de herramientas y enseres utilizados por los agricultores a lo largo de los siglos. Este peque\u00f1o museo etnogr\u00e1fico adem\u00e1s en alguna ocasi\u00f3n ha llegado a tener animales vivos en su interior, para que la gente pudiera hacerse una idea mucho m\u00e1s real del modus vivendi de las gentes del lugar, en la cercana sierra de D\u00farcal.<\/h4>\n<p><img loading=\"lazy\" class=\"alignnone wp-image-1025\" src=\"http:\/\/adurcal.com\/turismo\/wp-content\/uploads\/2018\/01\/78301290-2-1-225x300.jpg\" alt=\"\" width=\"333\" height=\"444\" srcset=\"http:\/\/adurcal.com\/turismo\/wp-content\/uploads\/2018\/01\/78301290-2-1-225x300.jpg 225w, http:\/\/adurcal.com\/turismo\/wp-content\/uploads\/2018\/01\/78301290-2-1-768x1024.jpg 768w\" sizes=\"(max-width: 333px) 100vw, 333px\" \/><\/p>\n<h4>Junto a esta choza la asociaci\u00f3n, que cuenta con antiguos trabajadores del esparto, industria fundamental desde hace siglos para el desarrollo de la econom\u00eda local, han realizado diversos talleres del esparto. Y junto a la choza existen diversas maquinarias recuperadas del olvido, que aun se pueden utilizar, en donde estos maestros del esparto nos ense\u00f1an la realidad este arte que les permit\u00eda la subsistencia.<\/h4>\n<p><img loading=\"lazy\" class=\"alignnone wp-image-2665\" src=\"http:\/\/adurcal.com\/turismo\/wp-content\/uploads\/2018\/04\/P1220073-300x225.jpg\" alt=\"\" width=\"337\" height=\"253\" srcset=\"http:\/\/adurcal.com\/turismo\/wp-content\/uploads\/2018\/04\/P1220073-300x225.jpg 300w, http:\/\/adurcal.com\/turismo\/wp-content\/uploads\/2018\/04\/P1220073-768x576.jpg 768w, http:\/\/adurcal.com\/turismo\/wp-content\/uploads\/2018\/04\/P1220073.jpg 792w\" sizes=\"(max-width: 337px) 100vw, 337px\" \/>\u00a0 \u00a0<img loading=\"lazy\" class=\"alignnone wp-image-2663\" src=\"http:\/\/adurcal.com\/turismo\/wp-content\/uploads\/2018\/04\/P1220059-300x225.jpg\" alt=\"\" width=\"335\" height=\"251\" srcset=\"http:\/\/adurcal.com\/turismo\/wp-content\/uploads\/2018\/04\/P1220059-300x225.jpg 300w, http:\/\/adurcal.com\/turismo\/wp-content\/uploads\/2018\/04\/P1220059-768x576.jpg 768w, http:\/\/adurcal.com\/turismo\/wp-content\/uploads\/2018\/04\/P1220059.jpg 792w\" sizes=\"(max-width: 335px) 100vw, 335px\" \/><\/p>\n<h4>Estas instalaciones se encuentran junto al centro de DIA en la antigua estaci\u00f3n del tranv\u00eda de D\u00farcal. El trabajo y el tes\u00f3n de estas personas, han construido con su esfuerzo, una muestra de las dignas formas que en el pasado se utilizaban tanto como para refugiarse de las duras condiciones de la monta\u00f1a, como por otra parte, para utilizar una planta aut\u00f3ctona de estos lugares y adaptarla mediante diversas t\u00e9cnicas, que no se deben perder en el olvido, a la realizaci\u00f3n de diversos enseres cotidianos y cuerdas de todo tipo. Se est\u00e1 tambi\u00e9n trabajando sobre el libro del esparto en D\u00farcal.<\/h4>\n<p><img loading=\"lazy\" class=\"alignnone wp-image-2664\" src=\"http:\/\/adurcal.com\/turismo\/wp-content\/uploads\/2018\/04\/P1220061-300x225.jpg\" alt=\"\" width=\"475\" height=\"356\" srcset=\"http:\/\/adurcal.com\/turismo\/wp-content\/uploads\/2018\/04\/P1220061-300x225.jpg 300w, http:\/\/adurcal.com\/turismo\/wp-content\/uploads\/2018\/04\/P1220061-768x576.jpg 768w, http:\/\/adurcal.com\/turismo\/wp-content\/uploads\/2018\/04\/P1220061.jpg 792w\" sizes=\"(max-width: 475px) 100vw, 475px\" \/><\/p>\n","protected":false},"excerpt":{"rendered":"<p>Hace aproximadamente diez a\u00f1os, la asociaci\u00f3n cultural Alm\u00f3sita inicia su camino empujada por una serie de paisanos de D\u00farcal cuyos objetivos con respecto al patrimonio son los de conservaci\u00f3n y difusi\u00f3n, adem\u00e1s de realizaci\u00f3n de actividades culturales de todo tipo. De los distintos proyectos que est\u00e1 asociaci\u00f3n ha llevado a cabo del pueblo, sin duda [&hellip;]<\/p>\n","protected":false},"author":1,"featured_media":0,"parent":0,"menu_order":0,"comment_status":"closed","ping_status":"closed","template":"","meta":[],"_links":{"self":[{"href":"http:\/\/adurcal.com\/turismo\/wp-json\/wp\/v2\/pages\/2946"}],"collection":[{"href":"http:\/\/adurcal.com\/turismo\/wp-json\/wp\/v2\/pages"}],"about":[{"href":"http:\/\/adurcal.com\/turismo\/wp-json\/wp\/v2\/types\/page"}],"author":[{"embeddable":true,"href":"http:\/\/adurcal.com\/turismo\/wp-json\/wp\/v2\/users\/1"}],"replies":[{"embeddable":true,"href":"http:\/\/adurcal.com\/turismo\/wp-json\/wp\/v2\/comments?post=2946"}],"version-history":[{"count":6,"href":"http:\/\/adurcal.com\/turismo\/wp-json\/wp\/v2\/pages\/2946\/revisions"}],"predecessor-version":[{"id":3508,"href":"http:\/\/adurcal.com\/turismo\/wp-json\/wp\/v2\/pages\/2946\/revisions\/3508"}],"wp:attachment":[{"href":"http:\/\/adurcal.com\/turismo\/wp-json\/wp\/v2\/media?parent=2946"}],"curies":[{"name":"wp","href":"https:\/\/api.w.org\/{rel}","templated":true}]}}