{"id":2863,"date":"2018-04-03T12:10:12","date_gmt":"2018-04-03T11:10:12","guid":{"rendered":"http:\/\/adurcal.com\/turismo\/?page_id=2863"},"modified":"2018-04-12T16:20:33","modified_gmt":"2018-04-12T15:20:33","slug":"marquesado-de-campohermoso","status":"publish","type":"page","link":"http:\/\/adurcal.com\/turismo\/marquesado-de-campohermoso\/","title":{"rendered":"Marquesado de Campohermoso"},"content":{"rendered":"<h4>El m\u00e1s antiguo de los t\u00edtulos nobiliarios relacionados con D\u00farcal es el de los Marqueses de Campohermoso concedido en 1790 por el rey Carlos IV o Don Juaquin de Castro y Gadea, Capit\u00e1n de unas compa\u00f1\u00edas de infanter\u00eda fijas en la costa del reino de Granada en Almer\u00eda, \u00faltimo alcalde perpetuo por\u00a0 juro y heredad del castillo de Roquetas, regidor perpetuo de Almer\u00eda.<\/h4>\n<h4>Hasta ahora ha habido siete marqueses de Campohermoso y se conserva su casa se\u00f1orial de mediados del siglo XX, que fue vendida a finales del pasado siglo. Se vendi\u00f3 parte de las fincas y se construyeron en los alrededores\u00a0 bloques de pisos. Se mantuvo el famoso almecino, que ha sufrido mucho de los \u00faltimos a\u00f1os, y ya forma parte de una calle del pueblo. Era un \u00e1rbol espectacular, al igual que una encina centenaria que a\u00fan est\u00e1 dentro de los jardines del palacio de los Campohermoso. Existe tambi\u00e9n un patio de piedra en el interior de una gran riqueza patrimonial.<\/h4>\n<p><img loading=\"lazy\" class=\"alignnone wp-image-2883\" src=\"http:\/\/adurcal.com\/turismo\/wp-content\/uploads\/2018\/04\/7_nevada_29_1_06-300x240.jpg\" alt=\"\" width=\"548\" height=\"438\" srcset=\"http:\/\/adurcal.com\/turismo\/wp-content\/uploads\/2018\/04\/7_nevada_29_1_06-300x240.jpg 300w, http:\/\/adurcal.com\/turismo\/wp-content\/uploads\/2018\/04\/7_nevada_29_1_06-768x614.jpg 768w, http:\/\/adurcal.com\/turismo\/wp-content\/uploads\/2018\/04\/7_nevada_29_1_06-1024x819.jpg 1024w, http:\/\/adurcal.com\/turismo\/wp-content\/uploads\/2018\/04\/7_nevada_29_1_06.jpg 1306w\" sizes=\"(max-width: 548px) 100vw, 548px\" \/><\/p>\n<h4>Casi todo el margen derecho de la carretera pertenec\u00eda a las dos familias nobiliarias, los M\u00e1rgena y los Campohermoso y exist\u00eda antiguamente comunicaci\u00f3n interna entre sus dos palacios. De hecho los t\u00edtulos nobiliarios han pasado a estar en com\u00fan por diversos matrimonios.<\/h4>\n","protected":false},"excerpt":{"rendered":"<p>El m\u00e1s antiguo de los t\u00edtulos nobiliarios relacionados con D\u00farcal es el de los Marqueses de Campohermoso concedido en 1790 por el rey Carlos IV o Don Juaquin de Castro y Gadea, Capit\u00e1n de unas compa\u00f1\u00edas de infanter\u00eda fijas en la costa del reino de Granada en Almer\u00eda, \u00faltimo alcalde perpetuo por\u00a0 juro y heredad [&hellip;]<\/p>\n","protected":false},"author":1,"featured_media":0,"parent":0,"menu_order":0,"comment_status":"closed","ping_status":"closed","template":"","meta":[],"_links":{"self":[{"href":"http:\/\/adurcal.com\/turismo\/wp-json\/wp\/v2\/pages\/2863"}],"collection":[{"href":"http:\/\/adurcal.com\/turismo\/wp-json\/wp\/v2\/pages"}],"about":[{"href":"http:\/\/adurcal.com\/turismo\/wp-json\/wp\/v2\/types\/page"}],"author":[{"embeddable":true,"href":"http:\/\/adurcal.com\/turismo\/wp-json\/wp\/v2\/users\/1"}],"replies":[{"embeddable":true,"href":"http:\/\/adurcal.com\/turismo\/wp-json\/wp\/v2\/comments?post=2863"}],"version-history":[{"count":8,"href":"http:\/\/adurcal.com\/turismo\/wp-json\/wp\/v2\/pages\/2863\/revisions"}],"predecessor-version":[{"id":3486,"href":"http:\/\/adurcal.com\/turismo\/wp-json\/wp\/v2\/pages\/2863\/revisions\/3486"}],"wp:attachment":[{"href":"http:\/\/adurcal.com\/turismo\/wp-json\/wp\/v2\/media?parent=2863"}],"curies":[{"name":"wp","href":"https:\/\/api.w.org\/{rel}","templated":true}]}}