{"id":2849,"date":"2018-04-03T11:30:32","date_gmt":"2018-04-03T10:30:32","guid":{"rendered":"http:\/\/adurcal.com\/turismo\/?page_id=2849"},"modified":"2018-04-11T11:17:49","modified_gmt":"2018-04-11T10:17:49","slug":"el-ducado-de-durcal","status":"publish","type":"page","link":"http:\/\/adurcal.com\/turismo\/el-ducado-de-durcal\/","title":{"rendered":"El Ducado de D\u00farcal"},"content":{"rendered":"<h4>El nombre de D\u00farcal, figura en los libros de historia por distintas razones,\u00a0 sin embargo \u00e9sta, de la que tratamos es desconocida por la mayor\u00eda de los durque\u00f1os.<br \/>\nDentro de la jerarqu\u00eda de t\u00edtulos, el de Duque en Espa\u00f1a, es el de mayor rango despu\u00e9s de el de Rey , los principados (Asturias, Gerona y Viana) y tambi\u00e9n por debajo del t\u00edtulo de Infante o Infanta. Adem\u00e1s el Ducado de D\u00farcal lleva asociado la dignidad de la \u00bb Grandeza de Espa\u00f1a\u00bb teniendo esta distinci\u00f3n el tratamiento como primo con respecto al rey. El Emperador Carlos V, fue quien hizo la separaci\u00f3n de la nobleza teniendo los Duques derecho de cobertura, es decir, no quitarse el sombrero y permanecer cubierto ante el Rey.<\/h4>\n<h4><img loading=\"lazy\" class=\"alignnone wp-image-2877\" src=\"http:\/\/adurcal.com\/turismo\/wp-content\/uploads\/2018\/04\/COA_Bourbon_Spanish_Dukedoms.svg_-236x300.png\" alt=\"\" width=\"291\" height=\"370\" srcset=\"http:\/\/adurcal.com\/turismo\/wp-content\/uploads\/2018\/04\/COA_Bourbon_Spanish_Dukedoms.svg_-236x300.png 236w, http:\/\/adurcal.com\/turismo\/wp-content\/uploads\/2018\/04\/COA_Bourbon_Spanish_Dukedoms.svg_.png 710w\" sizes=\"(max-width: 291px) 100vw, 291px\" \/><br \/>\nEn Espa\u00f1a de los 2723 t\u00edtulos nobiliarios s\u00f3lo 397 tienen la distinci\u00f3n de grande de Espa\u00f1a, entre ellos el Ducado de D\u00farcal, que junto al Ducado de Gor son los \u00fanicos Ducados de la provincia, siendo Granada s\u00f3lo un marquesado.<br \/>\nEl prop\u00f3sito fue el que distinguir a las familias m\u00e1s poderosas del resto de la nobleza. El ducado de D\u00farcal lo cre\u00f3 el rey Alfonso XII, tras un proceso iniciado el abril y concluido el 25 de noviembre del a\u00f1o 1885, en el que se instituy\u00f3 el t\u00edtulo de duque de D\u00farcal. (pocos meses antes el propio rey visit\u00f3 D\u00farcal, estando alojado en el palacio de los M\u00e1rgena, tras el importante terremoto de diciembre de 1884). Su pariente Don Pedro de Alc\u00e1ntara de Borb\u00f3n y Borb\u00f3n, biznietos de Carlos III fue el elegido para el ducado. Al igual que sus otros dos hermanos, se le concedi\u00f3 un Ducado ya que tras la ca\u00edda del reinado de Isabel II, estos hermanos quedaron en una situaci\u00f3n econ\u00f3mica muy precaria y siendo primos segundos del rey, se les dio a los tres hermanos t\u00edtulos y matrimonios ventajosos.<br \/>\nDUQUES DE D\u00daRCAL(en total cuatro)<br \/>\nDon Pedro de Alc\u00e1ntara de Borb\u00f3n y Borb\u00f3n (1862 -1892). Muri\u00f3 joven y tuvo tres hijos, se cas\u00f3 con Mar\u00eda de la Caridad Mad\u00e1n.<br \/>\nDon Fernando Sebasti\u00e1n de Borb\u00f3n y Mad\u00e1n (1891-1944) se cas\u00f3 con Do\u00f1a Mar\u00eda Leticia Bosch-Labr\u00fas y Blat, hija de una acaudalada familia catalana. Fue su mujer Leticia la que aparece como Duquesa de D\u00farcal en el cuadro de 1922 del pintor Hermenegildo Anglada, de estilo modernista, expuestos en las paredes del museo Reina Sof\u00eda.<\/h4>\n<h4><img loading=\"lazy\" class=\"alignnone wp-image-2887\" src=\"http:\/\/adurcal.com\/turismo\/wp-content\/uploads\/2018\/04\/duquesa-181x300.jpg\" alt=\"\" width=\"461\" height=\"765\" srcset=\"http:\/\/adurcal.com\/turismo\/wp-content\/uploads\/2018\/04\/duquesa-181x300.jpg 181w, http:\/\/adurcal.com\/turismo\/wp-content\/uploads\/2018\/04\/duquesa.jpg 492w\" sizes=\"(max-width: 461px) 100vw, 461px\" \/><br \/>\nMaria Cristina de Borb\u00f3n y Bosch-Labr\u00fas. El segundo duque no tuvo hijos por lo que su hija primog\u00e9nita hered\u00f3 el ducado, vivi\u00f3 en Par\u00eds principalmente y muri\u00f3 a los 90 a\u00f1os. (2002)<br \/>\nCristina Pati\u00f1o y Borb\u00f3n, primog\u00e9nita de la tercera duquesa tras la muerte de su Madre es el actual duquesa de D\u00farcal, actualmente reside tambi\u00e9n en Francia.<\/h4>\n","protected":false},"excerpt":{"rendered":"<p>El nombre de D\u00farcal, figura en los libros de historia por distintas razones,\u00a0 sin embargo \u00e9sta, de la que tratamos es desconocida por la mayor\u00eda de los durque\u00f1os. Dentro de la jerarqu\u00eda de t\u00edtulos, el de Duque en Espa\u00f1a, es el de mayor rango despu\u00e9s de el de Rey , los principados (Asturias, Gerona y [&hellip;]<\/p>\n","protected":false},"author":1,"featured_media":0,"parent":0,"menu_order":0,"comment_status":"closed","ping_status":"closed","template":"","meta":[],"_links":{"self":[{"href":"http:\/\/adurcal.com\/turismo\/wp-json\/wp\/v2\/pages\/2849"}],"collection":[{"href":"http:\/\/adurcal.com\/turismo\/wp-json\/wp\/v2\/pages"}],"about":[{"href":"http:\/\/adurcal.com\/turismo\/wp-json\/wp\/v2\/types\/page"}],"author":[{"embeddable":true,"href":"http:\/\/adurcal.com\/turismo\/wp-json\/wp\/v2\/users\/1"}],"replies":[{"embeddable":true,"href":"http:\/\/adurcal.com\/turismo\/wp-json\/wp\/v2\/comments?post=2849"}],"version-history":[{"count":10,"href":"http:\/\/adurcal.com\/turismo\/wp-json\/wp\/v2\/pages\/2849\/revisions"}],"predecessor-version":[{"id":3405,"href":"http:\/\/adurcal.com\/turismo\/wp-json\/wp\/v2\/pages\/2849\/revisions\/3405"}],"wp:attachment":[{"href":"http:\/\/adurcal.com\/turismo\/wp-json\/wp\/v2\/media?parent=2849"}],"curies":[{"name":"wp","href":"https:\/\/api.w.org\/{rel}","templated":true}]}}