{"id":1986,"date":"2018-02-26T11:53:43","date_gmt":"2018-02-26T11:53:43","guid":{"rendered":"http:\/\/adurcal.com\/turismo\/?page_id=1986"},"modified":"2018-03-02T13:03:40","modified_gmt":"2018-03-02T13:03:40","slug":"ruta-ermita-vieja-picacho-alto","status":"publish","type":"page","link":"http:\/\/adurcal.com\/turismo\/ruta-ermita-vieja-picacho-alto\/","title":{"rendered":"Ruta Ermita vieja-Picacho alto"},"content":{"rendered":"<h4>Este interesante sendero comienza desde ermita vieja, edificio as\u00ed llamado por estar asentado sobre los restos de una antigua Ermita que hubo en el lugar, levantada en honor a la Virgen de las Nieves y que ha sido restaurada en piedra. Para llegar hasta la Ermita Vieja subimos por la pista forestal que comienza en Marchena, frente a los talleres de SEAT. Sube por la colada de Blas de Haro, parte de la sierra del Manar para llegar a la Magara. Dejaremos los coches en la entrada de la pista de Ermita Vieja.<\/h4>\n<p><img loading=\"lazy\" class=\"alignnone wp-image-2301\" src=\"http:\/\/adurcal.com\/turismo\/wp-content\/uploads\/2018\/03\/IMG-20180301-WA0007-300x225.jpg\" alt=\"\" width=\"444\" height=\"333\" srcset=\"http:\/\/adurcal.com\/turismo\/wp-content\/uploads\/2018\/03\/IMG-20180301-WA0007-300x225.jpg 300w, http:\/\/adurcal.com\/turismo\/wp-content\/uploads\/2018\/03\/IMG-20180301-WA0007-768x576.jpg 768w, http:\/\/adurcal.com\/turismo\/wp-content\/uploads\/2018\/03\/IMG-20180301-WA0007.jpg 1024w\" sizes=\"(max-width: 444px) 100vw, 444px\" \/><\/p>\n<h4>A pocos metros nos encontramos un peque\u00f1o estanque situado al 1374 metros que es alimentado por una fuente aleda\u00f1a. Desde aqu\u00ed vemos nuestro objetivo, Picacho alto. El sendero que est\u00e1 se\u00f1alizado con un cartel\u00f3n de madera, sale justo \u00a0a la derecha del estanque llev\u00e1ndonos a Montellano desde el cual hay unas excelentes vistas de toda la vega de Granada y sus pueblos.<\/h4>\n<p><img loading=\"lazy\" class=\"alignnone wp-image-2304\" src=\"http:\/\/adurcal.com\/turismo\/wp-content\/uploads\/2018\/03\/IMG-20180301-WA0005-225x300.jpg\" alt=\"\" width=\"414\" height=\"552\" srcset=\"http:\/\/adurcal.com\/turismo\/wp-content\/uploads\/2018\/03\/IMG-20180301-WA0005-225x300.jpg 225w, http:\/\/adurcal.com\/turismo\/wp-content\/uploads\/2018\/03\/IMG-20180301-WA0005.jpg 600w\" sizes=\"(max-width: 414px) 100vw, 414px\" \/><\/p>\n<h4>De nuevo se cruza en nuestros camino la pista forestal que la tomamos iniciando un descenso que nos deja en la zona de Montellano. Aqu\u00ed volveremos a retomar la vereda que arranca desde esta explanada. Caminamos primeramente por un agradable \u00a0pinar hasta llegar a la rambla de Poca Le\u00f1a que deberemos cruzar.<\/h4>\n<h4>En el camino ascendiente poco a poco empieza a a desaparecer la vegetaci\u00f3n arb\u00f3rea dando paso a un matorral rastrero. Coronamos un peque\u00f1o collado situado 1634 metros entre el pico de Abantos (izquierda) y Picacho Alto a nuestra derecha. En este punto las vistas de los Alayos son maravillosas.<\/h4>\n<h4>Una \u00faltima y m\u00e1s complicada ascensi\u00f3n nos espera antes de hacer cumbre por su cara noroeste. Tras este \u00faltimo esfuerzo, por fin llegamos a la cima, 1773 metros. Esta cumbre empinada cuenta con unas magn\u00edficas vistas en 360\u00b0, Sierra Nevada, el Trevenque, la Boca de la Pesc\u00e1, el valle del r\u00edo D\u00edlar, la sierra del Manar con la Silleta y de fondo la Maroma y el Lucero y por supuesto la cuerda de los Alayos que nos llevar\u00e1 al Coraz\u00f3n de la Sand\u00eda y los Castillejos. Como curiosidad esta es la l\u00ednea divisoria de cuencas hidrogr\u00e1ficas, pues el agua de lluvia que cae a la izquierda ir\u00e1 al Atl\u00e1ntico y del agua que cae a la derecha ir\u00e1 al mediterr\u00e1neo.<\/h4>\n<p><img loading=\"lazy\" class=\"alignnone wp-image-2306\" src=\"http:\/\/adurcal.com\/turismo\/wp-content\/uploads\/2018\/03\/IMG-20180301-WA0006-300x87.jpg\" alt=\"\" width=\"479\" height=\"139\" srcset=\"http:\/\/adurcal.com\/turismo\/wp-content\/uploads\/2018\/03\/IMG-20180301-WA0006-300x87.jpg 300w, http:\/\/adurcal.com\/turismo\/wp-content\/uploads\/2018\/03\/IMG-20180301-WA0006-768x224.jpg 768w, http:\/\/adurcal.com\/turismo\/wp-content\/uploads\/2018\/03\/IMG-20180301-WA0006.jpg 800w\" sizes=\"(max-width: 479px) 100vw, 479px\" \/><\/p>\n<h4>Deberemos volver por donde hemos subido hasta de nuevo encontrarnos con la ermita vieja y por lo tanto a nuestro veh\u00edculo.<\/h4>\n","protected":false},"excerpt":{"rendered":"<p>Este interesante sendero comienza desde ermita vieja, edificio as\u00ed llamado por estar asentado sobre los restos de una antigua Ermita que hubo en el lugar, levantada en honor a la Virgen de las Nieves y que ha sido restaurada en piedra. Para llegar hasta la Ermita Vieja subimos por la pista forestal que comienza en [&hellip;]<\/p>\n","protected":false},"author":1,"featured_media":0,"parent":0,"menu_order":0,"comment_status":"closed","ping_status":"closed","template":"","meta":[],"_links":{"self":[{"href":"http:\/\/adurcal.com\/turismo\/wp-json\/wp\/v2\/pages\/1986"}],"collection":[{"href":"http:\/\/adurcal.com\/turismo\/wp-json\/wp\/v2\/pages"}],"about":[{"href":"http:\/\/adurcal.com\/turismo\/wp-json\/wp\/v2\/types\/page"}],"author":[{"embeddable":true,"href":"http:\/\/adurcal.com\/turismo\/wp-json\/wp\/v2\/users\/1"}],"replies":[{"embeddable":true,"href":"http:\/\/adurcal.com\/turismo\/wp-json\/wp\/v2\/comments?post=1986"}],"version-history":[{"count":8,"href":"http:\/\/adurcal.com\/turismo\/wp-json\/wp\/v2\/pages\/1986\/revisions"}],"predecessor-version":[{"id":2310,"href":"http:\/\/adurcal.com\/turismo\/wp-json\/wp\/v2\/pages\/1986\/revisions\/2310"}],"wp:attachment":[{"href":"http:\/\/adurcal.com\/turismo\/wp-json\/wp\/v2\/media?parent=1986"}],"curies":[{"name":"wp","href":"https:\/\/api.w.org\/{rel}","templated":true}]}}