{"id":1916,"date":"2018-02-07T13:30:10","date_gmt":"2018-02-07T13:30:10","guid":{"rendered":"http:\/\/adurcal.com\/turismo\/?page_id=1916"},"modified":"2018-02-28T19:04:55","modified_gmt":"2018-02-28T19:04:55","slug":"cruces-de-durcal","status":"publish","type":"page","link":"http:\/\/adurcal.com\/turismo\/cruces-de-durcal\/","title":{"rendered":"Cruces de D\u00farcal"},"content":{"rendered":"<h4><strong><em>&nbsp;<\/em><\/strong><\/h4>\n<h4><strong><em>Cruces de D\u00farcal, cruz del Darr\u00f3n<\/em><\/strong><\/h4>\n<h4>&nbsp;<\/h4>\n<h4><strong><em><img loading=\"lazy\" class=\"alignnone wp-image-2018\" src=\"http:\/\/adurcal.com\/turismo\/wp-content\/uploads\/2018\/02\/1-300x216.jpg\" alt=\"\" width=\"392\" height=\"282\" srcset=\"http:\/\/adurcal.com\/turismo\/wp-content\/uploads\/2018\/02\/1-300x216.jpg 300w, http:\/\/adurcal.com\/turismo\/wp-content\/uploads\/2018\/02\/1-768x552.jpg 768w, http:\/\/adurcal.com\/turismo\/wp-content\/uploads\/2018\/02\/1-1024x736.jpg 1024w\" sizes=\"(max-width: 392px) 100vw, 392px\" \/><\/em><\/strong><\/h4>\n<h4><strong><em>&nbsp;<\/em><\/strong><\/h4>\n<h4>En la foto de Aspizu del a\u00f1o 1900 se me la cruz antigua, de la cual no se sabe su antig\u00fcedad aunque s\u00ed se sabe que fue puesta ah\u00ed como se intuye en el mapa del marqu\u00e9s de la Ensenada. Estaba realizada en piedra caliza y por desgracia fue destruida el trece de diciembre del a\u00f1o de 1933, en un entorno de altercados en Granada y su provincia tras las elecciones generales de la segunda rep\u00fablica.<\/h4>\n<h4>La ubicaci\u00f3n de esta cruz en este punto fue debido a que antiguamente este tipo de construcciones se pon\u00edan en los cruces de caminos para alertar a los viajantes, concretamente estar\u00eda puesto a \u00e9l la bifurcaci\u00f3n del camino real que iba a la Alpujarra, que tras subir por el camino de las fuentes y frente a la iglesia coger la antigua calle Zacatin, en este punto se divid\u00eda, por una parte en direcci\u00f3n a Nig\u00fcelas y por otra parte pasaba por la puerta de la ermita de San Blas en direcci\u00f3n a Talar\u00e1. (motivo por el cual la ermita no tiene su puerta principal mirando a la carretera nacional 323 ya que \u00e9sta no existi\u00f3 hasta mediados del siglo diecinueve, pero s\u00ed estaba frente al antiguo camino real)<\/h4>\n<h4>Como bien y puesta en la actual cruz del Darr\u00f3n, sus fecha de construcci\u00f3n fue en 1934, cuando el maestro alba\u00f1il Jer\u00f3nimo Terr\u00f3n, venido de Am\u00e9rica, la volvi\u00f3 a construir en el mismo sitio que el anterior (este hombre tambi\u00e9n construy\u00f3 la casa de las damas, actual casa de la juventud).<\/h4>\n<p><img loading=\"lazy\" class=\"alignnone wp-image-1034\" src=\"http:\/\/adurcal.com\/turismo\/wp-content\/uploads\/2018\/01\/CAM_3999-1-225x300.jpg\" alt=\"\" width=\"188\" height=\"251\" srcset=\"http:\/\/adurcal.com\/turismo\/wp-content\/uploads\/2018\/01\/CAM_3999-1-225x300.jpg 225w, http:\/\/adurcal.com\/turismo\/wp-content\/uploads\/2018\/01\/CAM_3999-1.jpg 750w\" sizes=\"(max-width: 188px) 100vw, 188px\" \/>&nbsp; &nbsp; &nbsp; &nbsp;<img loading=\"lazy\" class=\"alignnone wp-image-64\" src=\"http:\/\/adurcal.com\/turismo\/wp-content\/uploads\/2017\/05\/cruces_24-225x300.jpg\" alt=\"\" width=\"190\" height=\"254\" srcset=\"http:\/\/adurcal.com\/turismo\/wp-content\/uploads\/2017\/05\/cruces_24-225x300.jpg 225w, http:\/\/adurcal.com\/turismo\/wp-content\/uploads\/2017\/05\/cruces_24.jpg 396w\" sizes=\"(max-width: 190px) 100vw, 190px\" \/><\/p>\n<h4><strong><em>Cruz de la ermita<\/em><\/strong><\/h4>\n<h4>La actual cruz de la ermita (no hay constancia hist\u00f3rica de que anteriormente hubiera otra) fue construida como una copia bastante exacta a la que hay en el Darr\u00f3n, no se sabe si fue hecha por el mismo autor. Tampoco se puede descartar que hubiera sustituido a una cruz de camino m\u00e1s antigua ya que la ermita fue construida en el paso del camino real de la Alpujarra.<\/h4>\n<p><img loading=\"lazy\" class=\"alignnone size-medium wp-image-1040\" src=\"http:\/\/adurcal.com\/turismo\/wp-content\/uploads\/2018\/01\/cruz1-2-272x300.jpg\" alt=\"\" width=\"272\" height=\"300\" srcset=\"http:\/\/adurcal.com\/turismo\/wp-content\/uploads\/2018\/01\/cruz1-2-272x300.jpg 272w, http:\/\/adurcal.com\/turismo\/wp-content\/uploads\/2018\/01\/cruz1-2.jpg 304w\" sizes=\"(max-width: 272px) 100vw, 272px\" \/><\/p>\n","protected":false},"excerpt":{"rendered":"<p>&nbsp; Cruces de D\u00farcal, cruz del Darr\u00f3n &nbsp; &nbsp; En la foto de Aspizu del a\u00f1o 1900 se me la cruz antigua, de la cual no se sabe su antig\u00fcedad aunque s\u00ed se sabe que fue puesta ah\u00ed como se intuye en el mapa del marqu\u00e9s de la Ensenada. Estaba realizada en piedra caliza y [&hellip;]<\/p>\n","protected":false},"author":1,"featured_media":0,"parent":0,"menu_order":0,"comment_status":"closed","ping_status":"closed","template":"","meta":[],"_links":{"self":[{"href":"http:\/\/adurcal.com\/turismo\/wp-json\/wp\/v2\/pages\/1916"}],"collection":[{"href":"http:\/\/adurcal.com\/turismo\/wp-json\/wp\/v2\/pages"}],"about":[{"href":"http:\/\/adurcal.com\/turismo\/wp-json\/wp\/v2\/types\/page"}],"author":[{"embeddable":true,"href":"http:\/\/adurcal.com\/turismo\/wp-json\/wp\/v2\/users\/1"}],"replies":[{"embeddable":true,"href":"http:\/\/adurcal.com\/turismo\/wp-json\/wp\/v2\/comments?post=1916"}],"version-history":[{"count":10,"href":"http:\/\/adurcal.com\/turismo\/wp-json\/wp\/v2\/pages\/1916\/revisions"}],"predecessor-version":[{"id":2020,"href":"http:\/\/adurcal.com\/turismo\/wp-json\/wp\/v2\/pages\/1916\/revisions\/2020"}],"wp:attachment":[{"href":"http:\/\/adurcal.com\/turismo\/wp-json\/wp\/v2\/media?parent=1916"}],"curies":[{"name":"wp","href":"https:\/\/api.w.org\/{rel}","templated":true}]}}