{"id":1859,"date":"2018-02-06T08:40:23","date_gmt":"2018-02-06T08:40:23","guid":{"rendered":"http:\/\/adurcal.com\/turismo\/?page_id=1859"},"modified":"2018-02-06T08:52:12","modified_gmt":"2018-02-06T08:52:12","slug":"san-isidro","status":"publish","type":"page","link":"http:\/\/adurcal.com\/turismo\/san-isidro\/","title":{"rendered":"San Isidro"},"content":{"rendered":"<h4><strong><br \/>\n15 de Mayo<br \/>\nSan Isidro,&nbsp;<br \/>\nLabrador. A\u00f1o 1130.<\/strong><\/h4>\n<h4>Es el patrono de los agricultores del mundo.<\/h4>\n<h4>Le pusieron ese nombre en honor de San Isidoro, un santo muy apreciado en Espa\u00f1a.<\/h4>\n<h4>Sus padres eran unos campesinos sumamente pobres que ni siquiera pudieron enviar a su hijo a la escuela. Pero en casa le ense\u00f1aron a tener temor a ofender a Dios y gran amor de caridad hacia el pr\u00f3jimo y un enorme aprecio por la oraci\u00f3n y por la Santa Misa y la Comuni\u00f3n.<\/h4>\n<h4>Hu\u00e9rfano y solo en el mundo cuando lleg\u00f3 a la edad de diez a\u00f1os Isidro se emple\u00f3 como pe\u00f3n de campo, ayudando en la agricultura a Don Juan de Vargas un due\u00f1o de una finca, cerca de Madrid. All\u00ed pas\u00f3 muchos a\u00f1os de su existencia labrando las tierras, cultivando y cosechando.<\/h4>\n<h4>Se cas\u00f3 con una sencilla campesina que tambi\u00e9n lleg\u00f3 a ser santa y ahora se llama Santa Mar\u00eda de la Cabeza (no porque ese fuera su apellido, sino porque su cabeza es sacada en&nbsp;procesi\u00f3n&nbsp;en rogativas, cuando pasan muchos meses sin llover).<\/h4>\n<h4>Isidro se levantaba muy de madrugada y nunca empezaba su d\u00eda de trabajo sin haber asistido antes a la Santa Misa. Varios de sus compa\u00f1eros muy envidiosos lo acusaron ante el patr\u00f3n por \u00abausentismo\u00bb y abandono del trabajo. El se\u00f1or Vargas se fue a observar el campo y not\u00f3 que s\u00ed era cierto que Isidro llegaba una hora m\u00e1s tarde que los otros (en aquel tiempo se trabajaba de seis de la ma\u00f1ana a seis de la tarde) pero que mientras Isidro o\u00eda misa, un personaje invisible (quiz\u00e1 un \u00e1ngel) le guaba sus bueyes y estos araban juiciosamente como si el propio campesino los estuviera dirigiendo.<\/h4>\n<h4>Los mahometanos se apoderaron de Madrid y de sus alrededores y los buenos cat\u00f3licos tuvieron que salir huyendo. Isidro fue uno de los inmigrantes y sufri\u00f3 por un buen tiempo lo que es irse a vivir donde nadie lo conoce a uno y donde es muy dif\u00edcil conseguir empleo y confianza de las gentes. Pero sab\u00eda aquello que Dios ha prometido varias veces en la Biblia: \u00abYo nunca te abandonar\u00e9\u00bb, y confi\u00f3 en Dios y fue ayudado por Dios.<\/h4>\n<h4>Lo que ganaba como jornalero, Isidro lo distribu\u00eda en tres partes: una para el templo, otra para los pobres y otra para su familia (\u00e9l, su esposa y su hijito). Y hasta para las avecillas ten\u00eda sus apartados. En pleno invierno cuando el suelo se cubr\u00eda de nieve, Isidro esparc\u00eda granos de trigo por el camino para que las avecillas tuvieran con que alimentarse. Un d\u00eda lo invitaron a un gran almuerzo. El se llev\u00f3 a varios mendigos a que almorzaran tambi\u00e9n. El invitador le dijo disgustado que solamente le pod\u00eda dar almuerzo a \u00e9l y no para los otros. Isidro reparti\u00f3 su almuerzo entre los mendigos y alcanz\u00f3 para todos y sobr\u00f3.<\/h4>\n<h4>Los domingos los distribu\u00eda as\u00ed: un buen rato en el templo rezando, asistiendo a misa y escuchando la Palabra de Dios. Otro buen rato visitando pobres y enfermos y por la tarde saliendo a pasear por los campos con su esposa y su hijito. Pero un d\u00eda mientras ellos corr\u00edan por el campo, dejaron al ni\u00f1ito junto a un profundo pozo de sacar agua y en un movimiento brusco del chiquit\u00edn, la canasta donde estaba dio vuelta y cay\u00f3 dentro del hoyo. Alcanzaron a ver esto los dos esposos y corrieron junto al pozo, pero este era muy profundo y no hab\u00eda c\u00f3mo rescatar al hijo. Entonces se arrodillaron a rezar con toda fe y las aguas de aquel aljibe fueron subiendo y apareci\u00f3 la canasta con el ni\u00f1o y a este no le hab\u00eda sucedido ning\u00fan mal. No se cansaron nunca de dar gracias a Dios por tan admirable prodigio.<\/h4>\n<h4>Volvi\u00f3 despu\u00e9s a Madrid y se alquil\u00f3 como obrero en una finca, pero los otros peones, llenos de envidia lo acusaron ante el due\u00f1o de que trabajaba menos que los dem\u00e1s por dedicarse a rezar y a ir al templo. El due\u00f1o le puso entonces como tarea a cada obrero cultivar una parcela de tierra. Y la de Isidro produjo el doble que las de los dem\u00e1s, porque Nuestro Se\u00f1or le recompensaba su piedad y su generosidad.<\/h4>\n<h4>En el a\u00f1o 1130 sintiendo que se iba a morir hizo humilde confesi\u00f3n de sus pecados y recomendando a sus familiares y amigos que tuvieran mucho amor a Dios y mucha caridad con el pr\u00f3jimo, muri\u00f3 santamente. A los 43 a\u00f1os de haber sido sepultado en 1163 sacaron del sepulcro su cad\u00e1ver y estaba incorrupto, como si estuviera reci\u00e9n muerto. Las gentes consideraron esto como un milagro. Poco despu\u00e9s el rey Felipe III se hallaba grav\u00edsimamente enfermo y los m\u00e9dicos dijeron que se morir\u00eda de aquella enfermedad. Entonces sacaron los restos de San Isidro del templo a donde los hab\u00edan llevado cuando los trasladaron del cementerio. Y tan pronto como los restos salieron del templo, al rey se le fue la fiebre y al llegar junto a \u00e9l los restos del santo se le fue por completo la enfermedad. A causa de esto el rey intecedi\u00f3 ante el Sumo Pont\u00edfice para que declarara santo al humilde labrador, y por este y otros muchos milagros, el Papa lo canoniz\u00f3 en el a\u00f1o 1622 junto con&nbsp;<a href=\"http:\/\/www.churchforum.org\/santoral\/Octubre\/1510.htm\">Santa Teresa<\/a>,&nbsp;<a href=\"http:\/\/www.churchforum.org\/santoral\/Julio\/3107.htm\">San Ignacio<\/a>,&nbsp;<a href=\"http:\/\/www.churchforum.org\/santoral\/Diciembre\/0312.htm\">San Francisco Javier<\/a>&nbsp;y&nbsp;<a href=\"http:\/\/www.churchforum.org\/santoral\/Mayo\/2805.htm#San Felipe Neri\">San Felipe Neri<\/a>.<\/h4>\n<h4>San Isidro bendito: ruega por nuestros campos y por nuestros agricultores.<\/h4>\n","protected":false},"excerpt":{"rendered":"<p>15 de Mayo San Isidro,&nbsp; Labrador. A\u00f1o 1130. Es el patrono de los agricultores del mundo. Le pusieron ese nombre en honor de San Isidoro, un santo muy apreciado en Espa\u00f1a. Sus padres eran unos campesinos sumamente pobres que ni siquiera pudieron enviar a su hijo a la escuela. Pero en casa le ense\u00f1aron a [&hellip;]<\/p>\n","protected":false},"author":1,"featured_media":0,"parent":0,"menu_order":0,"comment_status":"closed","ping_status":"closed","template":"","meta":[],"_links":{"self":[{"href":"http:\/\/adurcal.com\/turismo\/wp-json\/wp\/v2\/pages\/1859"}],"collection":[{"href":"http:\/\/adurcal.com\/turismo\/wp-json\/wp\/v2\/pages"}],"about":[{"href":"http:\/\/adurcal.com\/turismo\/wp-json\/wp\/v2\/types\/page"}],"author":[{"embeddable":true,"href":"http:\/\/adurcal.com\/turismo\/wp-json\/wp\/v2\/users\/1"}],"replies":[{"embeddable":true,"href":"http:\/\/adurcal.com\/turismo\/wp-json\/wp\/v2\/comments?post=1859"}],"version-history":[{"count":3,"href":"http:\/\/adurcal.com\/turismo\/wp-json\/wp\/v2\/pages\/1859\/revisions"}],"predecessor-version":[{"id":1863,"href":"http:\/\/adurcal.com\/turismo\/wp-json\/wp\/v2\/pages\/1859\/revisions\/1863"}],"wp:attachment":[{"href":"http:\/\/adurcal.com\/turismo\/wp-json\/wp\/v2\/media?parent=1859"}],"curies":[{"name":"wp","href":"https:\/\/api.w.org\/{rel}","templated":true}]}}