{"id":1327,"date":"2018-01-24T17:07:54","date_gmt":"2018-01-24T17:07:54","guid":{"rendered":"http:\/\/adurcal.com\/turismo\/?page_id=1327"},"modified":"2018-04-06T13:46:20","modified_gmt":"2018-04-06T12:46:20","slug":"el-puente-y-el-cable","status":"publish","type":"page","link":"http:\/\/adurcal.com\/turismo\/el-puente-y-el-cable\/","title":{"rendered":"El puente y el cable"},"content":{"rendered":"<figure>\n\t\t\t\t\t\t<a href=\"http:\/\/adurcal.com\/turismo\/el-cable\/\" data-elementor-open-lightbox=\"default\"><br \/>\n\t\t<img loading=\"lazy\" width=\"700\" height=\"507\" src=\"http:\/\/adurcal.com\/turismo\/wp-content\/uploads\/2018\/03\/El-cable.jpg\" alt=\"EL CABLE D\u00daRCAL MOTRIL TURISMO D\u00daRCAL VALLE DE LECR\u00cdN\" srcset=\"http:\/\/adurcal.com\/turismo\/wp-content\/uploads\/2018\/03\/El-cable.jpg 700w, http:\/\/adurcal.com\/turismo\/wp-content\/uploads\/2018\/03\/El-cable-300x217.jpg 300w\" sizes=\"(max-width: 700px) 100vw, 700px\" \/>\t\t\t\t<\/a><figcaption>EL CABLE<\/figcaption><\/figure>\n<figure>\n\t\t\t\t\t\t<a href=\"http:\/\/adurcal.com\/turismo\/el-cable-aereo-durcal-motril\/\" data-elementor-open-lightbox=\"default\"><br \/>\n\t\t<img loading=\"lazy\" width=\"870\" height=\"646\" src=\"http:\/\/adurcal.com\/turismo\/wp-content\/uploads\/2018\/03\/vagoneta.jpg\" alt=\"VAGONETA EL CABLE D\u00daRCAL MOTRIL TURISMO D\u00daRCAL VALLE DE LECR\u00cdN\" srcset=\"http:\/\/adurcal.com\/turismo\/wp-content\/uploads\/2018\/03\/vagoneta.jpg 896w, http:\/\/adurcal.com\/turismo\/wp-content\/uploads\/2018\/03\/vagoneta-300x223.jpg 300w, http:\/\/adurcal.com\/turismo\/wp-content\/uploads\/2018\/03\/vagoneta-768x570.jpg 768w\" sizes=\"(max-width: 870px) 100vw, 870px\" \/>\t\t\t\t<\/a><figcaption>EL CABLE A\u00c9REO D\u00daRCAL MOTRIL<\/figcaption><\/figure>\n<figure>\n\t\t\t\t\t\t<a href=\"http:\/\/adurcal.com\/turismo\/articulo-del-trabajador-del-cable\/\" data-elementor-open-lightbox=\"default\"><br \/>\n\t\t<img loading=\"lazy\" width=\"865\" height=\"481\" src=\"http:\/\/adurcal.com\/turismo\/wp-content\/uploads\/2018\/01\/mayo_214-1.jpg\" alt=\"\" srcset=\"http:\/\/adurcal.com\/turismo\/wp-content\/uploads\/2018\/01\/mayo_214-1.jpg 865w, http:\/\/adurcal.com\/turismo\/wp-content\/uploads\/2018\/01\/mayo_214-1-300x167.jpg 300w, http:\/\/adurcal.com\/turismo\/wp-content\/uploads\/2018\/01\/mayo_214-1-768x427.jpg 768w\" sizes=\"(max-width: 865px) 100vw, 865px\" \/>\t\t\t\t<\/a><figcaption>ART\u00cdCULO DEL TRABAJADOR DEL CABLE<\/figcaption><\/figure>\n<figure>\n\t\t\t\t\t\t<a href=\"http:\/\/adurcal.com\/turismo\/puente-de-lata-o-puente-grande-de-gor\/\" data-elementor-open-lightbox=\"default\"><br \/>\n\t\t<img loading=\"lazy\" width=\"630\" height=\"331\" src=\"http:\/\/adurcal.com\/turismo\/wp-content\/uploads\/2018\/03\/puentededurcal-historico1-copia-copia.jpg\" alt=\"PUENTE DE LATA TRANVIA ELECTRICO D\u00daRCAL GRANADA TURISMO D\u00daRCAL VALLE DE LECR\u00cdN\" srcset=\"http:\/\/adurcal.com\/turismo\/wp-content\/uploads\/2018\/03\/puentededurcal-historico1-copia-copia.jpg 630w, http:\/\/adurcal.com\/turismo\/wp-content\/uploads\/2018\/03\/puentededurcal-historico1-copia-copia-300x158.jpg 300w\" sizes=\"(max-width: 630px) 100vw, 630px\" \/>\t\t\t\t<\/a><figcaption>EL PUENTE LE LATA O PUENTE GRANDE DE GOR<\/figcaption><\/figure>\n","protected":false},"excerpt":{"rendered":"<p>EL CABLE EL CABLE A\u00c9REO D\u00daRCAL MOTRIL ART\u00cdCULO DEL TRABAJADOR DEL CABLE EL PUENTE LE LATA O PUENTE GRANDE DE GOR<\/p>\n","protected":false},"author":1,"featured_media":0,"parent":0,"menu_order":0,"comment_status":"closed","ping_status":"closed","template":"","meta":[],"_links":{"self":[{"href":"http:\/\/adurcal.com\/turismo\/wp-json\/wp\/v2\/pages\/1327"}],"collection":[{"href":"http:\/\/adurcal.com\/turismo\/wp-json\/wp\/v2\/pages"}],"about":[{"href":"http:\/\/adurcal.com\/turismo\/wp-json\/wp\/v2\/types\/page"}],"author":[{"embeddable":true,"href":"http:\/\/adurcal.com\/turismo\/wp-json\/wp\/v2\/users\/1"}],"replies":[{"embeddable":true,"href":"http:\/\/adurcal.com\/turismo\/wp-json\/wp\/v2\/comments?post=1327"}],"version-history":[{"count":15,"href":"http:\/\/adurcal.com\/turismo\/wp-json\/wp\/v2\/pages\/1327\/revisions"}],"predecessor-version":[{"id":3207,"href":"http:\/\/adurcal.com\/turismo\/wp-json\/wp\/v2\/pages\/1327\/revisions\/3207"}],"wp:attachment":[{"href":"http:\/\/adurcal.com\/turismo\/wp-json\/wp\/v2\/media?parent=1327"}],"curies":[{"name":"wp","href":"https:\/\/api.w.org\/{rel}","templated":true}]}}