{"id":1314,"date":"2018-01-24T17:01:05","date_gmt":"2018-01-24T17:01:05","guid":{"rendered":"http:\/\/adurcal.com\/turismo\/?page_id=1314"},"modified":"2018-04-06T12:04:58","modified_gmt":"2018-04-06T11:04:58","slug":"personajes","status":"publish","type":"page","link":"http:\/\/adurcal.com\/turismo\/personajes\/","title":{"rendered":"Personajes"},"content":{"rendered":"<p><a href=\"http:\/\/adurcal.com\/turismo\/evaristo-perez-carrillo\/\" data-elementor-open-lightbox=\"default\"><br \/>\n\t\t<img loading=\"lazy\" width=\"496\" height=\"778\" src=\"http:\/\/adurcal.com\/turismo\/wp-content\/uploads\/2018\/04\/evaristo.jpg\" alt=\"\" srcset=\"http:\/\/adurcal.com\/turismo\/wp-content\/uploads\/2018\/04\/evaristo.jpg 496w, http:\/\/adurcal.com\/turismo\/wp-content\/uploads\/2018\/04\/evaristo-191x300.jpg 191w\" sizes=\"(max-width: 496px) 100vw, 496px\" \/>\t\t\t\t<\/a><\/p>\n<figure>\n\t\t\t\t\t\t<a href=\"http:\/\/adurcal.com\/turismo\/personajes-ilustres\/\" data-elementor-open-lightbox=\"default\"><br \/>\n\t\t<img loading=\"lazy\" width=\"194\" height=\"259\" src=\"http:\/\/adurcal.com\/turismo\/wp-content\/uploads\/2018\/04\/descarga-2.jpg\" alt=\"\" \/>\t\t\t\t<\/a><figcaption>VISITAS ILUSTRES<\/figcaption><\/figure>\n<figure>\n\t\t\t\t\t\t<a href=\"http:\/\/adurcal.com\/turismo\/la-nobleza-de-durcal\/\" data-elementor-open-lightbox=\"default\"><br \/>\n\t\t<img loading=\"lazy\" width=\"400\" height=\"607\" src=\"http:\/\/adurcal.com\/turismo\/wp-content\/uploads\/2018\/04\/juan_small1.jpg\" alt=\"DISE\u00d1ADOR PUENTE ISABEL II TURISMO D\u00daRCAL VALLE DE LECR\u00cdN\" srcset=\"http:\/\/adurcal.com\/turismo\/wp-content\/uploads\/2018\/04\/juan_small1.jpg 400w, http:\/\/adurcal.com\/turismo\/wp-content\/uploads\/2018\/04\/juan_small1-198x300.jpg 198w\" sizes=\"(max-width: 400px) 100vw, 400px\" \/>\t\t\t\t<\/a><figcaption>LA NOBLEZA DE D\u00daRCAL<\/figcaption><\/figure>\n<figure>\n\t\t\t\t\t\t<a href=\"http:\/\/adurcal.com\/turismo\/alfonso-puerta-calvente\/\" data-elementor-open-lightbox=\"default\"><br \/>\n\t\t<img loading=\"lazy\" width=\"870\" height=\"392\" src=\"http:\/\/adurcal.com\/turismo\/wp-content\/uploads\/2018\/02\/1925_2_3-1024x461.jpg\" alt=\"\" srcset=\"http:\/\/adurcal.com\/turismo\/wp-content\/uploads\/2018\/02\/1925_2_3-1024x461.jpg 1024w, http:\/\/adurcal.com\/turismo\/wp-content\/uploads\/2018\/02\/1925_2_3-300x135.jpg 300w, http:\/\/adurcal.com\/turismo\/wp-content\/uploads\/2018\/02\/1925_2_3-768x346.jpg 768w, http:\/\/adurcal.com\/turismo\/wp-content\/uploads\/2018\/02\/1925_2_3.jpg 1055w\" sizes=\"(max-width: 870px) 100vw, 870px\" \/>\t\t\t\t<\/a><figcaption>ALFONSO PUERTA CALVENTE<\/figcaption><\/figure>\n<figure>\n\t\t\t\t\t\t<a href=\"http:\/\/adurcal.com\/turismo\/3140-2\/\" data-elementor-open-lightbox=\"default\"><br \/>\n\t\t<img loading=\"lazy\" width=\"242\" height=\"208\" src=\"http:\/\/adurcal.com\/turismo\/wp-content\/uploads\/2018\/04\/descarga-4.jpg\" alt=\"\" \/>\t\t\t\t<\/a><figcaption>ROC\u00cdO D\u00daRCAL<\/figcaption><\/figure>\n","protected":false},"excerpt":{"rendered":"<p>VISITAS ILUSTRES LA NOBLEZA DE D\u00daRCAL ALFONSO PUERTA CALVENTE ROC\u00cdO D\u00daRCAL<\/p>\n","protected":false},"author":1,"featured_media":0,"parent":0,"menu_order":0,"comment_status":"closed","ping_status":"closed","template":"","meta":[],"_links":{"self":[{"href":"http:\/\/adurcal.com\/turismo\/wp-json\/wp\/v2\/pages\/1314"}],"collection":[{"href":"http:\/\/adurcal.com\/turismo\/wp-json\/wp\/v2\/pages"}],"about":[{"href":"http:\/\/adurcal.com\/turismo\/wp-json\/wp\/v2\/types\/page"}],"author":[{"embeddable":true,"href":"http:\/\/adurcal.com\/turismo\/wp-json\/wp\/v2\/users\/1"}],"replies":[{"embeddable":true,"href":"http:\/\/adurcal.com\/turismo\/wp-json\/wp\/v2\/comments?post=1314"}],"version-history":[{"count":22,"href":"http:\/\/adurcal.com\/turismo\/wp-json\/wp\/v2\/pages\/1314\/revisions"}],"predecessor-version":[{"id":3146,"href":"http:\/\/adurcal.com\/turismo\/wp-json\/wp\/v2\/pages\/1314\/revisions\/3146"}],"wp:attachment":[{"href":"http:\/\/adurcal.com\/turismo\/wp-json\/wp\/v2\/media?parent=1314"}],"curies":[{"name":"wp","href":"https:\/\/api.w.org\/{rel}","templated":true}]}}